{"id":92,"date":"2011-06-08T11:33:45","date_gmt":"2011-06-08T11:33:45","guid":{"rendered":"http:\/\/192.168.1.56\/Themes\/2012\/Nano2\/Website_WP\/?page_id=92"},"modified":"2018-03-01T13:07:17","modified_gmt":"2018-03-01T13:07:17","slug":"nous-soutenir","status":"publish","type":"page","link":"https:\/\/www.arsantonina.org\/en\/nous-soutenir\/","title":{"rendered":"Nous soutenir"},"content":{"rendered":"<h3 style=\"text-align: center;\">Formulaire d&#8217;adh\u00e9sion<\/h3>\n<p style=\"text-align: justify;\"><img decoding=\"async\" loading=\"lazy\" class=\" wp-image-1284 alignleft\" src=\"http:\/\/www.arsantonina.org\/wp-content\/uploads\/logo-arsantonina2017-gmail3.png\" alt=\"\" width=\"116\" height=\"116\" srcset=\"https:\/\/www.arsantonina.org\/wp-content\/uploads\/logo-arsantonina2017-gmail3.png 300w, https:\/\/www.arsantonina.org\/wp-content\/uploads\/logo-arsantonina2017-gmail3-100x100.png 100w\" sizes=\"(max-width: 116px) 100vw, 116px\" \/>L&#8217;association Ars Antonina a pour but de r\u00e9v\u00e9ler, aider et encourager les jeunes talents, notemment les musiciens et les danseurs au cours de leurs \u00e9tudes et au d\u00e9but de leur carri\u00e8re. L&#8217;association organise une saison annuelle de concerts en Principaut\u00e9 de Monaco et dans les Alpes Maritimes, des master classes avec les plus grands interpr\u00e8tes ainsi qu&#8217;une Acad\u00e9mie internationale d&#8217;\u00e9t\u00e9.<\/p>\n<p style=\"text-align: justify;\">Si vous d\u00e9sirez partager la joie de soutenir de jeunes artistes, de les suivre dans le d\u00e9veloppement et perfectionnement ainsi que d\u00e9couvrir les artistes de demain au d\u00e9but de leur carri\u00e8re, joigniez-vous \u00e0 l&#8217;Association et b\u00e9n\u00e9ficiez de nombreux avantages.<\/p>\n<p style=\"text-align: justify;\">Merci de bien vouloir t\u00e9l\u00e9charger\u00a0notre bulletin d&#8217;adh\u00e9sion (en cliquant sur l&#8217;icone ci dessous au format pdf), de l&#8217;imprimer et de le renseigner de fa\u00e7on la plus lisible possible, puis de nous le retrourner accompagn\u00e9 de votre ch\u00e8que d&#8217;adh\u00e9sion (\u00e0 l&#8217;ordre de\u00a0 : Association Ars Antonina) \u00e0 l&#8217;adresse indiqu\u00e9e sur le bulletin.<\/p>\n<p style=\"text-align: center;\"><a href=\"http:\/\/www.arsantonina.org\/bulletin-ad.pdf\" target=\"_blank\" rel=\"noopener noreferrer\"><img decoding=\"async\" loading=\"lazy\" class=\"aligncenter wp-image-1595\" src=\"http:\/\/www.arsantonina.org\/wp-content\/uploads\/pdf-icon.png\" alt=\"\" width=\"96\" height=\"93\" \/>T\u00e9l\u00e9charger le formulaire au format pdf<\/a><\/p>\n<p>&nbsp;<\/p>\n<p style=\"text-align: center;\"><strong>Merci pour votre\u00a0g\u00e9n\u00e9reuse contribution<br \/>\nen faveur de notre Association.<br \/>\n<\/strong><\/p>\n<p style=\"text-align: center;\">\n","protected":false},"excerpt":{"rendered":"<p>Formulaire d&#8217;adh\u00e9sion L&#8217;association Ars Antonina a pour but de r\u00e9v\u00e9ler, aider et encourager les jeunes talents, notemment les musiciens et les danseurs au cours de leurs \u00e9tudes et au d\u00e9but de leur carri\u00e8re. L&#8217;association organise une saison annuelle de concerts en Principaut\u00e9 de Monaco et dans les Alpes Maritimes, des master classes avec les plus [&hellip;]<\/p>\n","protected":false},"author":1,"featured_media":950,"parent":0,"menu_order":0,"comment_status":"closed","ping_status":"closed","template":"","meta":{"ngg_post_thumbnail":0},"_links":{"self":[{"href":"https:\/\/www.arsantonina.org\/en\/wp-json\/wp\/v2\/pages\/92"}],"collection":[{"href":"https:\/\/www.arsantonina.org\/en\/wp-json\/wp\/v2\/pages"}],"about":[{"href":"https:\/\/www.arsantonina.org\/en\/wp-json\/wp\/v2\/types\/page"}],"author":[{"embeddable":true,"href":"https:\/\/www.arsantonina.org\/en\/wp-json\/wp\/v2\/users\/1"}],"replies":[{"embeddable":true,"href":"https:\/\/www.arsantonina.org\/en\/wp-json\/wp\/v2\/comments?post=92"}],"version-history":[{"count":18,"href":"https:\/\/www.arsantonina.org\/en\/wp-json\/wp\/v2\/pages\/92\/revisions"}],"predecessor-version":[{"id":2649,"href":"https:\/\/www.arsantonina.org\/en\/wp-json\/wp\/v2\/pages\/92\/revisions\/2649"}],"wp:featuredmedia":[{"embeddable":true,"href":"https:\/\/www.arsantonina.org\/en\/wp-json\/wp\/v2\/media\/950"}],"wp:attachment":[{"href":"https:\/\/www.arsantonina.org\/en\/wp-json\/wp\/v2\/media?parent=92"}],"curies":[{"name":"wp","href":"https:\/\/api.w.org\/{rel}","templated":true}]}}