{"id":879,"date":"2017-03-23T12:52:27","date_gmt":"2017-03-23T12:52:27","guid":{"rendered":"http:\/\/www.arsantonina.org\/?page_id=879"},"modified":"2017-03-23T13:58:42","modified_gmt":"2017-03-23T13:58:42","slug":"martin-james-bartlett","status":"publish","type":"page","link":"https:\/\/www.arsantonina.org\/en\/martin-james-bartlett\/","title":{"rendered":"R\u00e9cital triomphal de Martin James BARTLETT"},"content":{"rendered":"<p style=\"text-align: justify;\"><strong><a href=\"http:\/\/www.arsantonina.org\/wp-content\/uploads\/bartlett2.jpg\"><img decoding=\"async\" loading=\"lazy\" class=\"alignleft size-medium wp-image-884\" src=\"http:\/\/www.arsantonina.org\/wp-content\/uploads\/bartlett2-300x284.jpg\" alt=\"bartlett2\" width=\"300\" height=\"284\" srcset=\"https:\/\/www.arsantonina.org\/wp-content\/uploads\/bartlett2-300x284.jpg 300w, https:\/\/www.arsantonina.org\/wp-content\/uploads\/bartlett2-600x570.jpg 600w, https:\/\/www.arsantonina.org\/wp-content\/uploads\/bartlett2-316x300.jpg 316w, https:\/\/www.arsantonina.org\/wp-content\/uploads\/bartlett2-1024x972.jpg 1024w\" sizes=\"(max-width: 300px) 100vw, 300px\" \/><\/a>L\u2019Association Ars Antonina a organis\u00e9 au Th\u00e9\u00e2tre des Vari\u00e9t\u00e9s, en partenariat avec la Direction des Affaires Culturelles de Monaco et avec le soutien de la Direction du Tourisme et des Congr\u00e8s de la Principaut\u00e9 de Monaco, un concert du jeune pianiste anglais Martin James Bartlett.<\/strong><\/p>\n<p style=\"text-align: justify;\">Prodige du piano, qui a cr\u00e9\u00e9 l\u2019\u00e9v\u00e9nement en 2014 en devenant, \u00e0 17 ans, Prix du meilleur jeune musicien de l\u2019ann\u00e9e en Grande Bretagne, Martin James Bartlett l\u2019est assur\u00e9ment. Mais ce qui frappe d\u2019entr\u00e9e de jeu, c\u2019est autant ses moyens pianistiques extraordinaires que son \u00e9tonnante maturit\u00e9.<\/p>\n<p style=\"text-align: justify;\">La difficile \u00ab\u00a0Partita n\u00b02\u00a0\u00bb de Bach \u00e9tait jou\u00e9e avec aisance et expression. L\u2019\u00a0\u00ab\u00a0Impromptu\u00a0\u00bb en sol b\u00e9mol de Schubert r\u00e9v\u00e9lait un jeu r\u00eaveur \u00e0 souhait plein d\u2019une po\u00e9sie charmeuse. Les \u00ab\u00a0Sc\u00e8nes d\u2019enfants\u00a0\u00bb de Schumann d\u00e9montraient toute la vari\u00e9t\u00e9 de la palette de timbres du pianiste et sa profonde musicalit\u00e9. Quant \u00e0 la terrible \u00ab\u00a0Sonate\u00a0\u00bb de Samuel Barber ( cr\u00e9\u00e9e par Wladimir Horowitz), Martin James Bartlett en d\u00e9joua avec une aisance stup\u00e9fiante tous les pi\u00e8ges pianistiques sans pour autant n\u00e9gliger l\u2019expressivit\u00e9 du discours musical.<\/p>\n<p style=\"text-align: justify;\">Devant le triomphe que la salle nombreuse lui r\u00e9serva, le jeune pianiste offrit trois bis\u00a0:\u00a0\u00ab\u00a0Danza del gaucho matrero op.2 n\u00b03\u00a0\u00bb, \u00ab\u00a0Danza de la moza donosa op.2 n\u00b02\u00a0\u00bb, Danza del viejo boyero op.2 n\u00b01\u00a0\u00bb d\u2019Alberto Ginastera enlev\u00e9s tour \u00e0 tour avec panache et sensibilit\u00e9.<\/p>\n<p style=\"text-align: justify;\">Martin James Bartlett n\u2019est pas seulement un prodige du piano mais un artiste accompli qui compte d\u2019ores et d\u00e9j\u00e0 parmi les grands de sa g\u00e9n\u00e9ration.<\/p>\n<p style=\"text-align: right;\">Alain Fourchotte &#8211; 15\u00a0f\u00e9vrier 2017.<\/p>\n<p>&nbsp;<\/p>\n<p style=\"text-align: center;\"><a href=\"http:\/\/www.arsantonina.org\/\"><< Retour \u00e0 l'accueil<\/a><\/p>\n","protected":false},"excerpt":{"rendered":"<p>L\u2019Association Ars Antonina a organis\u00e9 au Th\u00e9\u00e2tre des Vari\u00e9t\u00e9s, en partenariat avec la Direction des Affaires Culturelles de Monaco et avec le soutien de la Direction du Tourisme et des Congr\u00e8s de la Principaut\u00e9 de Monaco, un concert du jeune pianiste anglais Martin James Bartlett. Prodige du piano, qui a cr\u00e9\u00e9 l\u2019\u00e9v\u00e9nement en 2014 en [&hellip;]<\/p>\n","protected":false},"author":1,"featured_media":883,"parent":0,"menu_order":0,"comment_status":"closed","ping_status":"open","template":"","meta":{"ngg_post_thumbnail":0},"_links":{"self":[{"href":"https:\/\/www.arsantonina.org\/en\/wp-json\/wp\/v2\/pages\/879"}],"collection":[{"href":"https:\/\/www.arsantonina.org\/en\/wp-json\/wp\/v2\/pages"}],"about":[{"href":"https:\/\/www.arsantonina.org\/en\/wp-json\/wp\/v2\/types\/page"}],"author":[{"embeddable":true,"href":"https:\/\/www.arsantonina.org\/en\/wp-json\/wp\/v2\/users\/1"}],"replies":[{"embeddable":true,"href":"https:\/\/www.arsantonina.org\/en\/wp-json\/wp\/v2\/comments?post=879"}],"version-history":[{"count":8,"href":"https:\/\/www.arsantonina.org\/en\/wp-json\/wp\/v2\/pages\/879\/revisions"}],"predecessor-version":[{"id":924,"href":"https:\/\/www.arsantonina.org\/en\/wp-json\/wp\/v2\/pages\/879\/revisions\/924"}],"wp:featuredmedia":[{"embeddable":true,"href":"https:\/\/www.arsantonina.org\/en\/wp-json\/wp\/v2\/media\/883"}],"wp:attachment":[{"href":"https:\/\/www.arsantonina.org\/en\/wp-json\/wp\/v2\/media?parent=879"}],"curies":[{"name":"wp","href":"https:\/\/api.w.org\/{rel}","templated":true}]}}