{"id":848,"date":"2017-03-23T12:06:50","date_gmt":"2017-03-23T12:06:50","guid":{"rendered":"http:\/\/www.arsantonina.org\/?page_id=848"},"modified":"2017-03-24T12:07:48","modified_gmt":"2017-03-24T12:07:48","slug":"sergei-redkin","status":"publish","type":"page","link":"https:\/\/www.arsantonina.org\/en\/sergei-redkin\/","title":{"rendered":"Triomphe du pianiste Sergei Redkin"},"content":{"rendered":"<p style=\"text-align: justify;\"><img decoding=\"async\" loading=\"lazy\" class=\"alignleft wp-image-852 size-medium\" src=\"http:\/\/www.arsantonina.org\/wp-content\/uploads\/20170118_191537-300x168.jpg\" alt=\"20170118_191537\" width=\"300\" height=\"168\" vspace=\"8\" srcset=\"https:\/\/www.arsantonina.org\/wp-content\/uploads\/20170118_191537-300x168.jpg 300w, https:\/\/www.arsantonina.org\/wp-content\/uploads\/20170118_191537-600x338.jpg 600w, https:\/\/www.arsantonina.org\/wp-content\/uploads\/20170118_191537-533x300.jpg 533w, https:\/\/www.arsantonina.org\/wp-content\/uploads\/20170118_191537-1024x576.jpg 1024w\" sizes=\"(max-width: 300px) 100vw, 300px\" \/><\/p>\n<p style=\"text-align: justify;\"><strong>Couvert de grands prix internationaux (m\u00e9daille de bronze \u00e0 23 ans du XVe concours Tcha\u00efkovsky), le jeune pianiste Sergei REDKIN a donn\u00e9 pour la premi\u00e8re fois en Principaut\u00e9 un prodigieux r\u00e9cital \u00e0 la Salle des Vari\u00e9t\u00e9s \u00e0 l\u2019initiative de l\u2019Association Ars Antonina.<\/strong><\/p>\n<p style=\"text-align: justify;\">D\u00e8s les \u00ab Variations sur un th\u00e8me de Sarti \u00bb de Mozart, la limpidit\u00e9 et la palette vari\u00e9e de timbres apparaissaient dans son jeu. \u00ab La Grande Humoresque \u00bb de Schumann \u00e9tait jou\u00e9e avec, \u00e0 la fois, une tendresse et une virile robustesse faisant fi des difficult\u00e9s d\u2019une partition g\u00e9niale mais redoutable.<\/p>\n<p style=\"text-align: justify;\">Les \u00ab Quatre pi\u00e8ces \u00bb extraites de l\u2019opus 72 de Tcha\u00efkovsky confirmaient cet \u00e9tat de gr\u00e2ce alors que les \u00ab Trois mouvements \u00bb de \u00ab Petrouchka \u00bb faisaient \u00e9clater la virtuosit\u00e9 et la musicalit\u00e9 de ce prodige du piano (aussi compositeur : une sensible et discr\u00e8te pi\u00e8ce de lui le prouvait).<\/p>\n<p style=\"text-align: justify;\">Peu avare de son talent, Sergei REDKIN, devant le triomphe que lui r\u00e9servait le public, donnait deux bis. Le deuxi\u00e8me mouvement de la \u00ab Sonatine \u00bb de Ravel d\u00e9montrait toute la sensibilit\u00e9 et la finesse de jeu du pianiste tandis qu\u2019un \u00e9clatant \u00ab Pr\u00e9lude et fugue \u00bb de Chostakovitch emportait d\u00e9finitivement l\u2019enthousiasme du public debout.<\/p>\n<p>Sergei REDKIN est d\u2019ores et d\u00e9j\u00e0 dans la cour des grands artistes de sa g\u00e9n\u00e9ration.<\/p>\n<p style=\"text-align: right;\">Alain Fourchotte &#8211; 18 janvier 2017.<\/p>\n<p style=\"text-align: center;\"><a href=\"http:\/\/www.arsantonina.org\/\"><< Retour \u00e0 l'accueil<\/a><\/p>\n","protected":false},"excerpt":{"rendered":"<p>Couvert de grands prix internationaux (m\u00e9daille de bronze \u00e0 23 ans du XVe concours Tcha\u00efkovsky), le jeune pianiste Sergei REDKIN a donn\u00e9 pour la premi\u00e8re fois en Principaut\u00e9 un prodigieux r\u00e9cital \u00e0 la Salle des Vari\u00e9t\u00e9s \u00e0 l\u2019initiative de l\u2019Association Ars Antonina. D\u00e8s les \u00ab Variations sur un th\u00e8me de Sarti \u00bb de Mozart, la [&hellip;]<\/p>\n","protected":false},"author":1,"featured_media":850,"parent":0,"menu_order":0,"comment_status":"closed","ping_status":"open","template":"","meta":{"ngg_post_thumbnail":0},"_links":{"self":[{"href":"https:\/\/www.arsantonina.org\/en\/wp-json\/wp\/v2\/pages\/848"}],"collection":[{"href":"https:\/\/www.arsantonina.org\/en\/wp-json\/wp\/v2\/pages"}],"about":[{"href":"https:\/\/www.arsantonina.org\/en\/wp-json\/wp\/v2\/types\/page"}],"author":[{"embeddable":true,"href":"https:\/\/www.arsantonina.org\/en\/wp-json\/wp\/v2\/users\/1"}],"replies":[{"embeddable":true,"href":"https:\/\/www.arsantonina.org\/en\/wp-json\/wp\/v2\/comments?post=848"}],"version-history":[{"count":34,"href":"https:\/\/www.arsantonina.org\/en\/wp-json\/wp\/v2\/pages\/848\/revisions"}],"predecessor-version":[{"id":964,"href":"https:\/\/www.arsantonina.org\/en\/wp-json\/wp\/v2\/pages\/848\/revisions\/964"}],"wp:featuredmedia":[{"embeddable":true,"href":"https:\/\/www.arsantonina.org\/en\/wp-json\/wp\/v2\/media\/850"}],"wp:attachment":[{"href":"https:\/\/www.arsantonina.org\/en\/wp-json\/wp\/v2\/media?parent=848"}],"curies":[{"name":"wp","href":"https:\/\/api.w.org\/{rel}","templated":true}]}}