{"id":838,"date":"2017-03-23T11:38:29","date_gmt":"2017-03-23T11:38:29","guid":{"rendered":"http:\/\/www.arsantonina.org\/?page_id=838"},"modified":"2022-12-01T16:40:14","modified_gmt":"2022-12-01T16:40:14","slug":"contact","status":"publish","type":"page","link":"https:\/\/www.arsantonina.org\/en\/contact\/","title":{"rendered":"Contact"},"content":{"rendered":"<h2>Formulaire de contact<\/h2>\n<p style=\"text-align: justify;\">En attendant que nous mettions en place un syst\u00e8me de r\u00e9servation en ligne, vous pouvez utiliser le formulaire ci dessous afin de nous faire parvenir vos demandes de r\u00e9servations \u00e0 nos concerts. Merci de nous pr\u00e9ciser le nombre de places souhait\u00e9es ainsi que le libell\u00e9 du concert auquel vous souhaitez assister. Ceci est une proc\u00e9dure temporaire, le temps que notre syst\u00e8me de r\u00e9servation simplif\u00e9 soit pleinement op\u00e9rationnel. Merci pour votre compr\u00e9hension.<\/p>\n<div class=\"uk-width-medium-1-1\">\n<div><div style=\"width: 100%;\" class=\"fm-form-message error\">      <div>        <strong>The form you are trying to view does not have Embedded display type.<\/strong>      <\/div>      <\/div><\/div>\n<\/div>\n<div>&nbsp;<\/div>\n","protected":false},"excerpt":{"rendered":"<p>Formulaire de contact En attendant que nous mettions en place un syst\u00e8me de r\u00e9servation en ligne, vous pouvez utiliser le formulaire ci dessous afin de nous faire parvenir vos demandes de r\u00e9servations \u00e0 nos concerts. Merci de nous pr\u00e9ciser le nombre de places souhait\u00e9es ainsi que le libell\u00e9 du concert auquel vous souhaitez assister. Ceci [&hellip;]<\/p>\n","protected":false},"author":1,"featured_media":940,"parent":0,"menu_order":0,"comment_status":"closed","ping_status":"open","template":"","meta":{"ngg_post_thumbnail":0},"_links":{"self":[{"href":"https:\/\/www.arsantonina.org\/en\/wp-json\/wp\/v2\/pages\/838"}],"collection":[{"href":"https:\/\/www.arsantonina.org\/en\/wp-json\/wp\/v2\/pages"}],"about":[{"href":"https:\/\/www.arsantonina.org\/en\/wp-json\/wp\/v2\/types\/page"}],"author":[{"embeddable":true,"href":"https:\/\/www.arsantonina.org\/en\/wp-json\/wp\/v2\/users\/1"}],"replies":[{"embeddable":true,"href":"https:\/\/www.arsantonina.org\/en\/wp-json\/wp\/v2\/comments?post=838"}],"version-history":[{"count":24,"href":"https:\/\/www.arsantonina.org\/en\/wp-json\/wp\/v2\/pages\/838\/revisions"}],"predecessor-version":[{"id":3607,"href":"https:\/\/www.arsantonina.org\/en\/wp-json\/wp\/v2\/pages\/838\/revisions\/3607"}],"wp:featuredmedia":[{"embeddable":true,"href":"https:\/\/www.arsantonina.org\/en\/wp-json\/wp\/v2\/media\/940"}],"wp:attachment":[{"href":"https:\/\/www.arsantonina.org\/en\/wp-json\/wp\/v2\/media?parent=838"}],"curies":[{"name":"wp","href":"https:\/\/api.w.org\/{rel}","templated":true}]}}