{"id":836,"date":"2017-03-23T11:36:10","date_gmt":"2017-03-23T11:36:10","guid":{"rendered":"http:\/\/www.arsantonina.org\/?page_id=836"},"modified":"2022-11-24T01:17:54","modified_gmt":"2022-11-24T01:17:54","slug":"academie-dete","status":"publish","type":"page","link":"https:\/\/www.arsantonina.org\/en\/academie-dete\/","title":{"rendered":"Acad\u00e9mie"},"content":{"rendered":"<h2 style=\"text-align: center;\"><strong>Acad\u00e9mie d&#8217;Ars Antonina.<\/strong><\/h2>\n<p style=\"text-align: justify;\">En 1994, une Acad\u00e9mie d\u2019\u00e9t\u00e9 est n\u00e9e \u00e0 la demande d\u2019un campus am\u00e9ricain \u00e9tabli \u00e0 Gen\u00e8ve. Apr\u00e8s plusieurs ann\u00e9es en Suisse, l\u2019Acad\u00e9mie s\u2019est install\u00e9e pr\u00e8s de Paris, dans la Maison de la Musique et de la Danse du Plessis-Robinson (92) o\u00f9, soutenus par le Directeur et la Municipalit\u00e9 du Plessis, elle a pass\u00e9 des ann\u00e9es tr\u00e8s heureuses. En 2007, l\u2019Acad\u00e9mie s\u2019est d\u00e9plac\u00e9e au Centre Azur de Sanary-sur mer (Var), un lieu tr\u00e8s hospitalier et tr\u00e8s appr\u00e9ci\u00e9 de nos professeurs et stagiaires.<\/p>\n<p style=\"text-align: justify;\">L\u2019Acad\u00e9mie se veut internationale car ses professeurs viennent de diff\u00e9rents pays (Angleterre, Allemagne, France) et ses \u00e9l\u00e8ves du monde entier (30 nationalit\u00e9s diff\u00e9rentes jusqu&#8217;\u00e0 pr\u00e9sent). Mais elle se veut aussi familiale&nbsp;: professeurs et \u00e9tudiants partagent pendant huit jours travail intensif (cours particuliers, classes de musique de chambre, master class, concerts devant un public) et vie quotidienne dans un m\u00eame lieu. L\u2019\u00e9mulation, mais aussi la d\u00e9couverte d\u2019autres sensibilit\u00e9s, d\u2019autres cultures, d\u2019autres approches sont essentielles. Le r\u00e9sultat de cette exp\u00e9rience est toujours stimulant et enrichissant.<\/p>\n<p style=\"text-align: justify;\">L\u2019Association Ars Antonina est parvenue \u00e0 offrir des bourses d\u2019\u00e9tudes gr\u00e2ce au soutien fid\u00e8le de divers organismes&nbsp;: Ville de Nice, Conseil G\u00e9n\u00e9ral des Alpes-Maritimes, sponsors et m\u00e9c\u00e8nes priv\u00e9s.<\/p>\n<p style=\"text-align: center;\"><!-- index.php -->\n<div\n\tclass=\"ngg-galleryoverview ngg-ajax-pagination-none\"\n\tid=\"ngg-gallery-d429f6103775f60b9b5a490a7fc595dd-1\">\n\n    \t\t<!-- Thumbnails -->\n\t\t\t\t<div id=\"ngg-image-0\" class=\"ngg-gallery-thumbnail-box\" >\n\t\t\t\t        <div class=\"ngg-gallery-thumbnail\">\n            <a href=\"https:\/\/www.arsantonina.org\/wp-content\/gallery\/lacademie\/DSCF0695.JPG\"\n               title=\"\"\n               data-src=\"https:\/\/www.arsantonina.org\/wp-content\/gallery\/lacademie\/DSCF0695.JPG\"\n               data-thumbnail=\"https:\/\/www.arsantonina.org\/wp-content\/gallery\/lacademie\/thumbs\/thumbs_DSCF0695.JPG\"\n               data-image-id=\"118\"\n               data-title=\"DSCF0695\"\n               data-description=\"\"\n               data-image-slug=\"dscf0695-1321\"\n               class=\"ngg-fancybox\" rel=\"d429f6103775f60b9b5a490a7fc595dd\">\n                <img\n                    title=\"DSCF0695\"\n                    alt=\"DSCF0695\"\n                    src=\"https:\/\/www.arsantonina.org\/wp-content\/gallery\/lacademie\/thumbs\/thumbs_DSCF0695.JPG\"\n                    width=\"240\"\n                    height=\"160\"\n                    style=\"max-width:100%;\"\n                \/>\n            <\/a>\n        <\/div>\n\t\t\t\t\t\t\t<\/div> \n\t\t\t\n        \n\t\t\t\t<div id=\"ngg-image-1\" class=\"ngg-gallery-thumbnail-box\" >\n\t\t\t\t        <div class=\"ngg-gallery-thumbnail\">\n            <a href=\"https:\/\/www.arsantonina.org\/wp-content\/gallery\/lacademie\/cours-violoncelle.jpg\"\n               title=\"\"\n               data-src=\"https:\/\/www.arsantonina.org\/wp-content\/gallery\/lacademie\/cours-violoncelle.jpg\"\n               data-thumbnail=\"https:\/\/www.arsantonina.org\/wp-content\/gallery\/lacademie\/thumbs\/thumbs_cours-violoncelle.jpg\"\n               data-image-id=\"131\"\n               data-title=\"cours violoncelle\"\n               data-description=\"\"\n               data-image-slug=\"cours-violoncelle\"\n               class=\"ngg-fancybox\" rel=\"d429f6103775f60b9b5a490a7fc595dd\">\n                <img\n                    title=\"cours violoncelle\"\n                    alt=\"cours violoncelle\"\n                    src=\"https:\/\/www.arsantonina.org\/wp-content\/gallery\/lacademie\/thumbs\/thumbs_cours-violoncelle.jpg\"\n                    width=\"240\"\n                    height=\"160\"\n                    style=\"max-width:100%;\"\n                \/>\n            <\/a>\n        <\/div>\n\t\t\t\t\t\t\t<\/div> \n\t\t\t\n        \n\t\t\t\t<div id=\"ngg-image-2\" class=\"ngg-gallery-thumbnail-box\" >\n\t\t\t\t        <div class=\"ngg-gallery-thumbnail\">\n            <a href=\"https:\/\/www.arsantonina.org\/wp-content\/gallery\/lacademie\/DSCF0850.JPG\"\n               title=\"\"\n               data-src=\"https:\/\/www.arsantonina.org\/wp-content\/gallery\/lacademie\/DSCF0850.JPG\"\n               data-thumbnail=\"https:\/\/www.arsantonina.org\/wp-content\/gallery\/lacademie\/thumbs\/thumbs_DSCF0850.JPG\"\n               data-image-id=\"126\"\n               data-title=\"DSCF0850\"\n               data-description=\"\"\n               data-image-slug=\"dscf0850-10\"\n               class=\"ngg-fancybox\" rel=\"d429f6103775f60b9b5a490a7fc595dd\">\n                <img\n                    title=\"DSCF0850\"\n                    alt=\"DSCF0850\"\n                    src=\"https:\/\/www.arsantonina.org\/wp-content\/gallery\/lacademie\/thumbs\/thumbs_DSCF0850.JPG\"\n                    width=\"240\"\n                    height=\"160\"\n                    style=\"max-width:100%;\"\n                \/>\n            <\/a>\n        <\/div>\n\t\t\t\t\t\t\t<\/div> \n\t\t\t\n        \n\t\t\t\t<div id=\"ngg-image-3\" class=\"ngg-gallery-thumbnail-box\" >\n\t\t\t\t        <div class=\"ngg-gallery-thumbnail\">\n            <a href=\"https:\/\/www.arsantonina.org\/wp-content\/gallery\/lacademie\/DSCF0847.JPG\"\n               title=\"\"\n               data-src=\"https:\/\/www.arsantonina.org\/wp-content\/gallery\/lacademie\/DSCF0847.JPG\"\n               data-thumbnail=\"https:\/\/www.arsantonina.org\/wp-content\/gallery\/lacademie\/thumbs\/thumbs_DSCF0847.JPG\"\n               data-image-id=\"125\"\n               data-title=\"DSCF0847\"\n               data-description=\"\"\n               data-image-slug=\"dscf0847-699\"\n               class=\"ngg-fancybox\" rel=\"d429f6103775f60b9b5a490a7fc595dd\">\n                <img\n                    title=\"DSCF0847\"\n                    alt=\"DSCF0847\"\n                    src=\"https:\/\/www.arsantonina.org\/wp-content\/gallery\/lacademie\/thumbs\/thumbs_DSCF0847.JPG\"\n                    width=\"240\"\n                    height=\"160\"\n                    style=\"max-width:100%;\"\n                \/>\n            <\/a>\n        <\/div>\n\t\t\t\t\t\t\t<\/div> \n\t\t\t\n        \n\t\t\t\t<div id=\"ngg-image-4\" class=\"ngg-gallery-thumbnail-box\" >\n\t\t\t\t        <div class=\"ngg-gallery-thumbnail\">\n            <a href=\"https:\/\/www.arsantonina.org\/wp-content\/gallery\/lacademie\/DSCF0841.JPG\"\n               title=\"\"\n               data-src=\"https:\/\/www.arsantonina.org\/wp-content\/gallery\/lacademie\/DSCF0841.JPG\"\n               data-thumbnail=\"https:\/\/www.arsantonina.org\/wp-content\/gallery\/lacademie\/thumbs\/thumbs_DSCF0841.JPG\"\n               data-image-id=\"124\"\n               data-title=\"DSCF0841\"\n               data-description=\"\"\n               data-image-slug=\"dscf0841-84\"\n               class=\"ngg-fancybox\" rel=\"d429f6103775f60b9b5a490a7fc595dd\">\n                <img\n                    title=\"DSCF0841\"\n                    alt=\"DSCF0841\"\n                    src=\"https:\/\/www.arsantonina.org\/wp-content\/gallery\/lacademie\/thumbs\/thumbs_DSCF0841.JPG\"\n                    width=\"240\"\n                    height=\"160\"\n                    style=\"max-width:100%;\"\n                \/>\n            <\/a>\n        <\/div>\n\t\t\t\t\t\t\t<\/div> \n\t\t\t\n        \n\t\t\t\t<div id=\"ngg-image-5\" class=\"ngg-gallery-thumbnail-box\" >\n\t\t\t\t        <div class=\"ngg-gallery-thumbnail\">\n            <a href=\"https:\/\/www.arsantonina.org\/wp-content\/gallery\/lacademie\/DSCF0820.JPG\"\n               title=\"\"\n               data-src=\"https:\/\/www.arsantonina.org\/wp-content\/gallery\/lacademie\/DSCF0820.JPG\"\n               data-thumbnail=\"https:\/\/www.arsantonina.org\/wp-content\/gallery\/lacademie\/thumbs\/thumbs_DSCF0820.JPG\"\n               data-image-id=\"123\"\n               data-title=\"DSCF0820\"\n               data-description=\"\"\n               data-image-slug=\"dscf0820\"\n               class=\"ngg-fancybox\" rel=\"d429f6103775f60b9b5a490a7fc595dd\">\n                <img\n                    title=\"DSCF0820\"\n                    alt=\"DSCF0820\"\n                    src=\"https:\/\/www.arsantonina.org\/wp-content\/gallery\/lacademie\/thumbs\/thumbs_DSCF0820.JPG\"\n                    width=\"240\"\n                    height=\"160\"\n                    style=\"max-width:100%;\"\n                \/>\n            <\/a>\n        <\/div>\n\t\t\t\t\t\t\t<\/div> \n\t\t\t\n        \n\t\t\t\t<div id=\"ngg-image-6\" class=\"ngg-gallery-thumbnail-box\" >\n\t\t\t\t        <div class=\"ngg-gallery-thumbnail\">\n            <a href=\"https:\/\/www.arsantonina.org\/wp-content\/gallery\/lacademie\/DSCF0810.JPG\"\n               title=\"\"\n               data-src=\"https:\/\/www.arsantonina.org\/wp-content\/gallery\/lacademie\/DSCF0810.JPG\"\n               data-thumbnail=\"https:\/\/www.arsantonina.org\/wp-content\/gallery\/lacademie\/thumbs\/thumbs_DSCF0810.JPG\"\n               data-image-id=\"122\"\n               data-title=\"DSCF0810\"\n               data-description=\"\"\n               data-image-slug=\"dscf0810-70\"\n               class=\"ngg-fancybox\" rel=\"d429f6103775f60b9b5a490a7fc595dd\">\n                <img\n                    title=\"DSCF0810\"\n                    alt=\"DSCF0810\"\n                    src=\"https:\/\/www.arsantonina.org\/wp-content\/gallery\/lacademie\/thumbs\/thumbs_DSCF0810.JPG\"\n                    width=\"240\"\n                    height=\"160\"\n                    style=\"max-width:100%;\"\n                \/>\n            <\/a>\n        <\/div>\n\t\t\t\t\t\t\t<\/div> \n\t\t\t\n        \n\t\t\t\t<div id=\"ngg-image-7\" class=\"ngg-gallery-thumbnail-box\" >\n\t\t\t\t        <div class=\"ngg-gallery-thumbnail\">\n            <a href=\"https:\/\/www.arsantonina.org\/wp-content\/gallery\/lacademie\/DSCF0801.JPG\"\n               title=\"\"\n               data-src=\"https:\/\/www.arsantonina.org\/wp-content\/gallery\/lacademie\/DSCF0801.JPG\"\n               data-thumbnail=\"https:\/\/www.arsantonina.org\/wp-content\/gallery\/lacademie\/thumbs\/thumbs_DSCF0801.JPG\"\n               data-image-id=\"121\"\n               data-title=\"DSCF0801\"\n               data-description=\"\"\n               data-image-slug=\"dscf0801\"\n               class=\"ngg-fancybox\" rel=\"d429f6103775f60b9b5a490a7fc595dd\">\n                <img\n                    title=\"DSCF0801\"\n                    alt=\"DSCF0801\"\n                    src=\"https:\/\/www.arsantonina.org\/wp-content\/gallery\/lacademie\/thumbs\/thumbs_DSCF0801.JPG\"\n                    width=\"240\"\n                    height=\"160\"\n                    style=\"max-width:100%;\"\n                \/>\n            <\/a>\n        <\/div>\n\t\t\t\t\t\t\t<\/div> \n\t\t\t\n        \n\t\t\t\t<div id=\"ngg-image-8\" class=\"ngg-gallery-thumbnail-box\" >\n\t\t\t\t        <div class=\"ngg-gallery-thumbnail\">\n            <a href=\"https:\/\/www.arsantonina.org\/wp-content\/gallery\/lacademie\/DSCF0775.JPG\"\n               title=\"\"\n               data-src=\"https:\/\/www.arsantonina.org\/wp-content\/gallery\/lacademie\/DSCF0775.JPG\"\n               data-thumbnail=\"https:\/\/www.arsantonina.org\/wp-content\/gallery\/lacademie\/thumbs\/thumbs_DSCF0775.JPG\"\n               data-image-id=\"120\"\n               data-title=\"DSCF0775\"\n               data-description=\"\"\n               data-image-slug=\"dscf0775\"\n               class=\"ngg-fancybox\" rel=\"d429f6103775f60b9b5a490a7fc595dd\">\n                <img\n                    title=\"DSCF0775\"\n                    alt=\"DSCF0775\"\n                    src=\"https:\/\/www.arsantonina.org\/wp-content\/gallery\/lacademie\/thumbs\/thumbs_DSCF0775.JPG\"\n                    width=\"240\"\n                    height=\"160\"\n                    style=\"max-width:100%;\"\n                \/>\n            <\/a>\n        <\/div>\n\t\t\t\t\t\t\t<\/div> \n\t\t\t\n        \n\t\t\t\t<div id=\"ngg-image-9\" class=\"ngg-gallery-thumbnail-box\" >\n\t\t\t\t        <div class=\"ngg-gallery-thumbnail\">\n            <a href=\"https:\/\/www.arsantonina.org\/wp-content\/gallery\/lacademie\/DSCF0715.JPG\"\n               title=\"\"\n               data-src=\"https:\/\/www.arsantonina.org\/wp-content\/gallery\/lacademie\/DSCF0715.JPG\"\n               data-thumbnail=\"https:\/\/www.arsantonina.org\/wp-content\/gallery\/lacademie\/thumbs\/thumbs_DSCF0715.JPG\"\n               data-image-id=\"119\"\n               data-title=\"DSCF0715\"\n               data-description=\"\"\n               data-image-slug=\"dscf0715-3\"\n               class=\"ngg-fancybox\" rel=\"d429f6103775f60b9b5a490a7fc595dd\">\n                <img\n                    title=\"DSCF0715\"\n                    alt=\"DSCF0715\"\n                    src=\"https:\/\/www.arsantonina.org\/wp-content\/gallery\/lacademie\/thumbs\/thumbs_DSCF0715.JPG\"\n                    width=\"240\"\n                    height=\"160\"\n                    style=\"max-width:100%;\"\n                \/>\n            <\/a>\n        <\/div>\n\t\t\t\t\t\t\t<\/div> \n\t\t\t\n        \n\t\t\t\t<div id=\"ngg-image-10\" class=\"ngg-gallery-thumbnail-box\" >\n\t\t\t\t        <div class=\"ngg-gallery-thumbnail\">\n            <a href=\"https:\/\/www.arsantonina.org\/wp-content\/gallery\/lacademie\/DSCF0379.JPG\"\n               title=\"\"\n               data-src=\"https:\/\/www.arsantonina.org\/wp-content\/gallery\/lacademie\/DSCF0379.JPG\"\n               data-thumbnail=\"https:\/\/www.arsantonina.org\/wp-content\/gallery\/lacademie\/thumbs\/thumbs_DSCF0379.JPG\"\n               data-image-id=\"108\"\n               data-title=\"DSCF0379\"\n               data-description=\"\"\n               data-image-slug=\"dscf0379\"\n               class=\"ngg-fancybox\" rel=\"d429f6103775f60b9b5a490a7fc595dd\">\n                <img\n                    title=\"DSCF0379\"\n                    alt=\"DSCF0379\"\n                    src=\"https:\/\/www.arsantonina.org\/wp-content\/gallery\/lacademie\/thumbs\/thumbs_DSCF0379.JPG\"\n                    width=\"240\"\n                    height=\"160\"\n                    style=\"max-width:100%;\"\n                \/>\n            <\/a>\n        <\/div>\n\t\t\t\t\t\t\t<\/div> \n\t\t\t\n        \n\t\t\t\t<div id=\"ngg-image-11\" class=\"ngg-gallery-thumbnail-box\" >\n\t\t\t\t        <div class=\"ngg-gallery-thumbnail\">\n            <a href=\"https:\/\/www.arsantonina.org\/wp-content\/gallery\/lacademie\/DSCF0687.JPG\"\n               title=\"\"\n               data-src=\"https:\/\/www.arsantonina.org\/wp-content\/gallery\/lacademie\/DSCF0687.JPG\"\n               data-thumbnail=\"https:\/\/www.arsantonina.org\/wp-content\/gallery\/lacademie\/thumbs\/thumbs_DSCF0687.JPG\"\n               data-image-id=\"117\"\n               data-title=\"DSCF0687\"\n               data-description=\"\"\n               data-image-slug=\"dscf0687-617790\"\n               class=\"ngg-fancybox\" rel=\"d429f6103775f60b9b5a490a7fc595dd\">\n                <img\n                    title=\"DSCF0687\"\n                    alt=\"DSCF0687\"\n                    src=\"https:\/\/www.arsantonina.org\/wp-content\/gallery\/lacademie\/thumbs\/thumbs_DSCF0687.JPG\"\n                    width=\"240\"\n                    height=\"160\"\n                    style=\"max-width:100%;\"\n                \/>\n            <\/a>\n        <\/div>\n\t\t\t\t\t\t\t<\/div> \n\t\t\t\n        \n\t\t\t\t<div id=\"ngg-image-12\" class=\"ngg-gallery-thumbnail-box\" >\n\t\t\t\t        <div class=\"ngg-gallery-thumbnail\">\n            <a href=\"https:\/\/www.arsantonina.org\/wp-content\/gallery\/lacademie\/DSCF0654.JPG\"\n               title=\"\"\n               data-src=\"https:\/\/www.arsantonina.org\/wp-content\/gallery\/lacademie\/DSCF0654.JPG\"\n               data-thumbnail=\"https:\/\/www.arsantonina.org\/wp-content\/gallery\/lacademie\/thumbs\/thumbs_DSCF0654.JPG\"\n               data-image-id=\"116\"\n               data-title=\"DSCF0654\"\n               data-description=\"\"\n               data-image-slug=\"dscf0654-9\"\n               class=\"ngg-fancybox\" rel=\"d429f6103775f60b9b5a490a7fc595dd\">\n                <img\n                    title=\"DSCF0654\"\n                    alt=\"DSCF0654\"\n                    src=\"https:\/\/www.arsantonina.org\/wp-content\/gallery\/lacademie\/thumbs\/thumbs_DSCF0654.JPG\"\n                    width=\"240\"\n                    height=\"160\"\n                    style=\"max-width:100%;\"\n                \/>\n            <\/a>\n        <\/div>\n\t\t\t\t\t\t\t<\/div> \n\t\t\t\n        \n\t\t\t\t<div id=\"ngg-image-13\" class=\"ngg-gallery-thumbnail-box\" >\n\t\t\t\t        <div class=\"ngg-gallery-thumbnail\">\n            <a href=\"https:\/\/www.arsantonina.org\/wp-content\/gallery\/lacademie\/DSCF0608.JPG\"\n               title=\"\"\n               data-src=\"https:\/\/www.arsantonina.org\/wp-content\/gallery\/lacademie\/DSCF0608.JPG\"\n               data-thumbnail=\"https:\/\/www.arsantonina.org\/wp-content\/gallery\/lacademie\/thumbs\/thumbs_DSCF0608.JPG\"\n               data-image-id=\"115\"\n               data-title=\"DSCF0608\"\n               data-description=\"\"\n               data-image-slug=\"dscf0608-478\"\n               class=\"ngg-fancybox\" rel=\"d429f6103775f60b9b5a490a7fc595dd\">\n                <img\n                    title=\"DSCF0608\"\n                    alt=\"DSCF0608\"\n                    src=\"https:\/\/www.arsantonina.org\/wp-content\/gallery\/lacademie\/thumbs\/thumbs_DSCF0608.JPG\"\n                    width=\"240\"\n                    height=\"160\"\n                    style=\"max-width:100%;\"\n                \/>\n            <\/a>\n        <\/div>\n\t\t\t\t\t\t\t<\/div> \n\t\t\t\n        \n\t\t\t\t<div id=\"ngg-image-14\" class=\"ngg-gallery-thumbnail-box\" >\n\t\t\t\t        <div class=\"ngg-gallery-thumbnail\">\n            <a href=\"https:\/\/www.arsantonina.org\/wp-content\/gallery\/lacademie\/DSCF0523.JPG\"\n               title=\"\"\n               data-src=\"https:\/\/www.arsantonina.org\/wp-content\/gallery\/lacademie\/DSCF0523.JPG\"\n               data-thumbnail=\"https:\/\/www.arsantonina.org\/wp-content\/gallery\/lacademie\/thumbs\/thumbs_DSCF0523.JPG\"\n               data-image-id=\"114\"\n               data-title=\"DSCF0523\"\n               data-description=\"\"\n               data-image-slug=\"dscf0523\"\n               class=\"ngg-fancybox\" rel=\"d429f6103775f60b9b5a490a7fc595dd\">\n                <img\n                    title=\"DSCF0523\"\n                    alt=\"DSCF0523\"\n                    src=\"https:\/\/www.arsantonina.org\/wp-content\/gallery\/lacademie\/thumbs\/thumbs_DSCF0523.JPG\"\n                    width=\"240\"\n                    height=\"160\"\n                    style=\"max-width:100%;\"\n                \/>\n            <\/a>\n        <\/div>\n\t\t\t\t\t\t\t<\/div> \n\t\t\t\n        \n\t\t\t\t<div id=\"ngg-image-15\" class=\"ngg-gallery-thumbnail-box\" >\n\t\t\t\t        <div class=\"ngg-gallery-thumbnail\">\n            <a href=\"https:\/\/www.arsantonina.org\/wp-content\/gallery\/lacademie\/DSCF0492.JPG\"\n               title=\"\"\n               data-src=\"https:\/\/www.arsantonina.org\/wp-content\/gallery\/lacademie\/DSCF0492.JPG\"\n               data-thumbnail=\"https:\/\/www.arsantonina.org\/wp-content\/gallery\/lacademie\/thumbs\/thumbs_DSCF0492.JPG\"\n               data-image-id=\"113\"\n               data-title=\"DSCF0492\"\n               data-description=\"\"\n               data-image-slug=\"dscf0492\"\n               class=\"ngg-fancybox\" rel=\"d429f6103775f60b9b5a490a7fc595dd\">\n                <img\n                    title=\"DSCF0492\"\n                    alt=\"DSCF0492\"\n                    src=\"https:\/\/www.arsantonina.org\/wp-content\/gallery\/lacademie\/thumbs\/thumbs_DSCF0492.JPG\"\n                    width=\"240\"\n                    height=\"160\"\n                    style=\"max-width:100%;\"\n                \/>\n            <\/a>\n        <\/div>\n\t\t\t\t\t\t\t<\/div> \n\t\t\t\n        \n\t\t\t\t<div id=\"ngg-image-16\" class=\"ngg-gallery-thumbnail-box\" >\n\t\t\t\t        <div class=\"ngg-gallery-thumbnail\">\n            <a href=\"https:\/\/www.arsantonina.org\/wp-content\/gallery\/lacademie\/DSCF0460.JPG\"\n               title=\"\"\n               data-src=\"https:\/\/www.arsantonina.org\/wp-content\/gallery\/lacademie\/DSCF0460.JPG\"\n               data-thumbnail=\"https:\/\/www.arsantonina.org\/wp-content\/gallery\/lacademie\/thumbs\/thumbs_DSCF0460.JPG\"\n               data-image-id=\"112\"\n               data-title=\"DSCF0460\"\n               data-description=\"\"\n               data-image-slug=\"dscf0460-2432\"\n               class=\"ngg-fancybox\" rel=\"d429f6103775f60b9b5a490a7fc595dd\">\n                <img\n                    title=\"DSCF0460\"\n                    alt=\"DSCF0460\"\n                    src=\"https:\/\/www.arsantonina.org\/wp-content\/gallery\/lacademie\/thumbs\/thumbs_DSCF0460.JPG\"\n                    width=\"240\"\n                    height=\"160\"\n                    style=\"max-width:100%;\"\n                \/>\n            <\/a>\n        <\/div>\n\t\t\t\t\t\t\t<\/div> \n\t\t\t\n        \n\t\t\t\t<div id=\"ngg-image-17\" class=\"ngg-gallery-thumbnail-box\" >\n\t\t\t\t        <div class=\"ngg-gallery-thumbnail\">\n            <a href=\"https:\/\/www.arsantonina.org\/wp-content\/gallery\/lacademie\/DSCF0424.JPG\"\n               title=\"\"\n               data-src=\"https:\/\/www.arsantonina.org\/wp-content\/gallery\/lacademie\/DSCF0424.JPG\"\n               data-thumbnail=\"https:\/\/www.arsantonina.org\/wp-content\/gallery\/lacademie\/thumbs\/thumbs_DSCF0424.JPG\"\n               data-image-id=\"111\"\n               data-title=\"DSCF0424\"\n               data-description=\"\"\n               data-image-slug=\"dscf0424\"\n               class=\"ngg-fancybox\" rel=\"d429f6103775f60b9b5a490a7fc595dd\">\n                <img\n                    title=\"DSCF0424\"\n                    alt=\"DSCF0424\"\n                    src=\"https:\/\/www.arsantonina.org\/wp-content\/gallery\/lacademie\/thumbs\/thumbs_DSCF0424.JPG\"\n                    width=\"240\"\n                    height=\"160\"\n                    style=\"max-width:100%;\"\n                \/>\n            <\/a>\n        <\/div>\n\t\t\t\t\t\t\t<\/div> \n\t\t\t\n        \n\t\t\t\t<div id=\"ngg-image-18\" class=\"ngg-gallery-thumbnail-box\" >\n\t\t\t\t        <div class=\"ngg-gallery-thumbnail\">\n            <a href=\"https:\/\/www.arsantonina.org\/wp-content\/gallery\/lacademie\/DSCF0405.JPG\"\n               title=\"\"\n               data-src=\"https:\/\/www.arsantonina.org\/wp-content\/gallery\/lacademie\/DSCF0405.JPG\"\n               data-thumbnail=\"https:\/\/www.arsantonina.org\/wp-content\/gallery\/lacademie\/thumbs\/thumbs_DSCF0405.JPG\"\n               data-image-id=\"110\"\n               data-title=\"DSCF0405\"\n               data-description=\"\"\n               data-image-slug=\"dscf0405-398\"\n               class=\"ngg-fancybox\" rel=\"d429f6103775f60b9b5a490a7fc595dd\">\n                <img\n                    title=\"DSCF0405\"\n                    alt=\"DSCF0405\"\n                    src=\"https:\/\/www.arsantonina.org\/wp-content\/gallery\/lacademie\/thumbs\/thumbs_DSCF0405.JPG\"\n                    width=\"240\"\n                    height=\"160\"\n                    style=\"max-width:100%;\"\n                \/>\n            <\/a>\n        <\/div>\n\t\t\t\t\t\t\t<\/div> \n\t\t\t\n        \n\t\t\t\t<div id=\"ngg-image-19\" class=\"ngg-gallery-thumbnail-box\" >\n\t\t\t\t        <div class=\"ngg-gallery-thumbnail\">\n            <a href=\"https:\/\/www.arsantonina.org\/wp-content\/gallery\/lacademie\/DSCF0390.JPG\"\n               title=\"\"\n               data-src=\"https:\/\/www.arsantonina.org\/wp-content\/gallery\/lacademie\/DSCF0390.JPG\"\n               data-thumbnail=\"https:\/\/www.arsantonina.org\/wp-content\/gallery\/lacademie\/thumbs\/thumbs_DSCF0390.JPG\"\n               data-image-id=\"109\"\n               data-title=\"DSCF0390\"\n               data-description=\"\"\n               data-image-slug=\"dscf0390-793\"\n               class=\"ngg-fancybox\" rel=\"d429f6103775f60b9b5a490a7fc595dd\">\n                <img\n                    title=\"DSCF0390\"\n                    alt=\"DSCF0390\"\n                    src=\"https:\/\/www.arsantonina.org\/wp-content\/gallery\/lacademie\/thumbs\/thumbs_DSCF0390.JPG\"\n                    width=\"240\"\n                    height=\"160\"\n                    style=\"max-width:100%;\"\n                \/>\n            <\/a>\n        <\/div>\n\t\t\t\t\t\t\t<\/div> \n\t\t\t\n        \n\t\t\n\t\t<!-- Pagination -->\n\t<div class='ngg-clear'><\/div>\t<\/div>\n<\/p>\n<p style=\"text-align: center;\">&nbsp;<\/p>\n<hr>\n<p style=\"text-align: center;\">&nbsp;<\/p>\n","protected":false},"excerpt":{"rendered":"<p>Acad\u00e9mie d&#8217;Ars Antonina. En 1994, une Acad\u00e9mie d\u2019\u00e9t\u00e9 est n\u00e9e \u00e0 la demande d\u2019un campus am\u00e9ricain \u00e9tabli \u00e0 Gen\u00e8ve. Apr\u00e8s plusieurs ann\u00e9es en Suisse, l\u2019Acad\u00e9mie s\u2019est install\u00e9e pr\u00e8s de Paris, dans la Maison de la Musique et de la Danse du Plessis-Robinson (92) o\u00f9, soutenus par le Directeur et la Municipalit\u00e9 du Plessis, elle a [&hellip;]<\/p>\n","protected":false},"author":1,"featured_media":941,"parent":0,"menu_order":0,"comment_status":"closed","ping_status":"open","template":"","meta":{"ngg_post_thumbnail":0},"_links":{"self":[{"href":"https:\/\/www.arsantonina.org\/en\/wp-json\/wp\/v2\/pages\/836"}],"collection":[{"href":"https:\/\/www.arsantonina.org\/en\/wp-json\/wp\/v2\/pages"}],"about":[{"href":"https:\/\/www.arsantonina.org\/en\/wp-json\/wp\/v2\/types\/page"}],"author":[{"embeddable":true,"href":"https:\/\/www.arsantonina.org\/en\/wp-json\/wp\/v2\/users\/1"}],"replies":[{"embeddable":true,"href":"https:\/\/www.arsantonina.org\/en\/wp-json\/wp\/v2\/comments?post=836"}],"version-history":[{"count":32,"href":"https:\/\/www.arsantonina.org\/en\/wp-json\/wp\/v2\/pages\/836\/revisions"}],"predecessor-version":[{"id":3582,"href":"https:\/\/www.arsantonina.org\/en\/wp-json\/wp\/v2\/pages\/836\/revisions\/3582"}],"wp:featuredmedia":[{"embeddable":true,"href":"https:\/\/www.arsantonina.org\/en\/wp-json\/wp\/v2\/media\/941"}],"wp:attachment":[{"href":"https:\/\/www.arsantonina.org\/en\/wp-json\/wp\/v2\/media?parent=836"}],"curies":[{"name":"wp","href":"https:\/\/api.w.org\/{rel}","templated":true}]}}