{"id":817,"date":"2017-03-23T11:08:30","date_gmt":"2017-03-23T11:08:30","guid":{"rendered":"http:\/\/www.arsantonina.org\/?page_id=817"},"modified":"2021-02-05T21:51:14","modified_gmt":"2021-02-05T21:51:14","slug":"espace-presse","status":"publish","type":"page","link":"https:\/\/www.arsantonina.org\/en\/espace-presse\/","title":{"rendered":"Espace presse"},"content":{"rendered":"<h3 style=\"text-align: center;\">Pour plus d&#8217;informations sur nos \u00e9v\u00e9nements, veuillez&nbsp;contacter :<br \/>\n(For further information about our events, please contact)<\/h3>\n<p style=\"text-align: center;\">Le charg\u00e9 de communication<br \/>\nEmail : arsantonina@gmail.com<\/p>\n<p style=\"text-align: center;\"><img decoding=\"async\" loading=\"lazy\" class=\"size-full wp-image-1591 aligncenter\" src=\"http:\/\/www.arsantonina.org\/wp-content\/uploads\/logo-arsantonina2017-low.png\" alt=\"\" width=\"200\" height=\"133\"><\/p>\n<p style=\"text-align: center;\">&nbsp;<\/p>\n","protected":false},"excerpt":{"rendered":"<p>Pour plus d&#8217;informations sur nos \u00e9v\u00e9nements, veuillez&nbsp;contacter : (For further information about our events, please contact) Le charg\u00e9 de communication Email : arsantonina@gmail.com &nbsp;<\/p>\n","protected":false},"author":1,"featured_media":956,"parent":0,"menu_order":0,"comment_status":"closed","ping_status":"closed","template":"","meta":{"ngg_post_thumbnail":0},"_links":{"self":[{"href":"https:\/\/www.arsantonina.org\/en\/wp-json\/wp\/v2\/pages\/817"}],"collection":[{"href":"https:\/\/www.arsantonina.org\/en\/wp-json\/wp\/v2\/pages"}],"about":[{"href":"https:\/\/www.arsantonina.org\/en\/wp-json\/wp\/v2\/types\/page"}],"author":[{"embeddable":true,"href":"https:\/\/www.arsantonina.org\/en\/wp-json\/wp\/v2\/users\/1"}],"replies":[{"embeddable":true,"href":"https:\/\/www.arsantonina.org\/en\/wp-json\/wp\/v2\/comments?post=817"}],"version-history":[{"count":13,"href":"https:\/\/www.arsantonina.org\/en\/wp-json\/wp\/v2\/pages\/817\/revisions"}],"predecessor-version":[{"id":3488,"href":"https:\/\/www.arsantonina.org\/en\/wp-json\/wp\/v2\/pages\/817\/revisions\/3488"}],"wp:featuredmedia":[{"embeddable":true,"href":"https:\/\/www.arsantonina.org\/en\/wp-json\/wp\/v2\/media\/956"}],"wp:attachment":[{"href":"https:\/\/www.arsantonina.org\/en\/wp-json\/wp\/v2\/media?parent=817"}],"curies":[{"name":"wp","href":"https:\/\/api.w.org\/{rel}","templated":true}]}}