{"id":813,"date":"2017-03-23T11:07:35","date_gmt":"2017-03-23T11:07:35","guid":{"rendered":"http:\/\/www.arsantonina.org\/?page_id=813"},"modified":"2017-04-13T10:49:24","modified_gmt":"2017-04-13T10:49:24","slug":"partenariats","status":"publish","type":"page","link":"https:\/\/www.arsantonina.org\/en\/partenariats\/","title":{"rendered":"Partenariats"},"content":{"rendered":"<p style=\"text-align: left;\">L\u2019Association a d\u00e9velopp\u00e9 des liens de r\u00e9ciprocit\u00e9 et\u00a0d\u2019amiti\u00e9 avec d\u2019autres organisations artistiques et\u00a0culturelles en France et \u00e0 l\u2019\u00e9tranger :\u00a0Allemagne, Italie,\u00a0Royaume-Uni, Chine, Etats-Unis, Japon, Russie&#8230;<\/p>\n<p class=\"p1\">Ars Antonina b\u00e9n\u00e9ficie depuis plusieurs ann\u00e9es du soutien de :<\/p>\n<ul>\n<li class=\"p1\">D\u00e9partement\u00a0des Alpes-Maritimes<\/li>\n<li class=\"p1\">Direction des\u00a0Affaires Culturelles du Gouvernement Princier de Monaco<\/li>\n<li class=\"p1\">Mairie de Monaco<\/li>\n<li class=\"p1\">Ville de Nice<\/li>\n<li class=\"p1\">Ville de Cannes<\/li>\n<li class=\"p1\">Ville d&#8217;Antibes<\/li>\n<\/ul>\n<p><img decoding=\"async\" loading=\"lazy\" class=\"aligncenter size-full wp-image-1277\" src=\"http:\/\/www.arsantonina.org\/wp-content\/uploads\/partenaires-1.png\" alt=\"\" width=\"668\" height=\"576\" srcset=\"https:\/\/www.arsantonina.org\/wp-content\/uploads\/partenaires-1.png 668w, https:\/\/www.arsantonina.org\/wp-content\/uploads\/partenaires-1-600x517.png 600w, https:\/\/www.arsantonina.org\/wp-content\/uploads\/partenaires-1-348x300.png 348w, https:\/\/www.arsantonina.org\/wp-content\/uploads\/partenaires-1-300x259.png 300w\" sizes=\"(max-width: 668px) 100vw, 668px\" \/><\/p>\n<p>&nbsp;<\/p>\n","protected":false},"excerpt":{"rendered":"<p>L\u2019Association a d\u00e9velopp\u00e9 des liens de r\u00e9ciprocit\u00e9 et\u00a0d\u2019amiti\u00e9 avec d\u2019autres organisations artistiques et\u00a0culturelles en France et \u00e0 l\u2019\u00e9tranger :\u00a0Allemagne, Italie,\u00a0Royaume-Uni, Chine, Etats-Unis, Japon, Russie&#8230; Ars Antonina b\u00e9n\u00e9ficie depuis plusieurs ann\u00e9es du soutien de : D\u00e9partement\u00a0des Alpes-Maritimes Direction des\u00a0Affaires Culturelles du Gouvernement Princier de Monaco Mairie de Monaco Ville de Nice Ville de Cannes Ville d&#8217;Antibes [&hellip;]<\/p>\n","protected":false},"author":1,"featured_media":958,"parent":0,"menu_order":0,"comment_status":"closed","ping_status":"closed","template":"","meta":{"ngg_post_thumbnail":0},"_links":{"self":[{"href":"https:\/\/www.arsantonina.org\/en\/wp-json\/wp\/v2\/pages\/813"}],"collection":[{"href":"https:\/\/www.arsantonina.org\/en\/wp-json\/wp\/v2\/pages"}],"about":[{"href":"https:\/\/www.arsantonina.org\/en\/wp-json\/wp\/v2\/types\/page"}],"author":[{"embeddable":true,"href":"https:\/\/www.arsantonina.org\/en\/wp-json\/wp\/v2\/users\/1"}],"replies":[{"embeddable":true,"href":"https:\/\/www.arsantonina.org\/en\/wp-json\/wp\/v2\/comments?post=813"}],"version-history":[{"count":12,"href":"https:\/\/www.arsantonina.org\/en\/wp-json\/wp\/v2\/pages\/813\/revisions"}],"predecessor-version":[{"id":1278,"href":"https:\/\/www.arsantonina.org\/en\/wp-json\/wp\/v2\/pages\/813\/revisions\/1278"}],"wp:featuredmedia":[{"embeddable":true,"href":"https:\/\/www.arsantonina.org\/en\/wp-json\/wp\/v2\/media\/958"}],"wp:attachment":[{"href":"https:\/\/www.arsantonina.org\/en\/wp-json\/wp\/v2\/media?parent=813"}],"curies":[{"name":"wp","href":"https:\/\/api.w.org\/{rel}","templated":true}]}}