{"id":3197,"date":"2019-06-05T16:21:21","date_gmt":"2019-06-05T16:21:21","guid":{"rendered":"http:\/\/www.arsantonina.org\/?page_id=3197"},"modified":"2019-06-05T16:54:19","modified_gmt":"2019-06-05T16:54:19","slug":"concert-du","status":"publish","type":"page","link":"https:\/\/www.arsantonina.org\/en\/concert-du\/","title":{"rendered":"Concert du 21 mai 2019"},"content":{"rendered":"\n<p style=\"text-align:center\"><strong>CONCERT DE MUSIQUE DE CHAMBRE<\/strong>&nbsp;<strong><\/strong><\/p>\n\n\n\n<p style=\"text-align:center\">Avec jeunes talents\nissus du Conservatoire CNRR de Nice<\/p>\n\n\n\n<p style=\"text-align:center\">Organis\u00e9 par l\u2019Association\nArs Antonina en partenariat avec la Ville de Nice&nbsp;&nbsp;<\/p>\n\n\n\n<p style=\"text-align:center\">A la Biblioth\u00e8que Louis\nNuc\u00e9ra, Nice<\/p>\n\n\n\n<p style=\"text-align:center\">Mardi 21 mai 2019 \u00e0 16h<\/p>\n\n\n\n<p>Cette manifestation annuelle, organis\u00e9e par l\u2019Association\nArs Antonina, vous pr\u00e9sente de jeunes musiciens prometteurs \u00e2g\u00e9s de 13 \u00e0 20\nans, issus du Conservatoire National \u00e0 Rayonnement R\u00e9gional de Nice.<\/p>\n\n\n\n<p style=\"text-align:center\"><strong>PROGRAMME<\/strong><\/p>\n\n\n\n<p style=\"text-align:center\">&nbsp;<strong>Jean Cras: <em>Trio \u00e0 cordes<\/em><\/strong><\/p>\n\n\n\n<p style=\"text-align:center\">Adeline Regad,\nviolon<\/p>\n\n\n\n<p style=\"text-align:center\">Laure Declerck,\nalto<\/p>\n\n\n\n<p style=\"text-align:center\">Axel Pojaghi,\nvioloncelle<\/p>\n\n\n\n<p style=\"text-align:center\"><strong>W.A. Mozart : <em>Trio\ndes Quilles <\/em>en mi b\u00e9mol majeur, K498<\/strong><\/p>\n\n\n\n<p style=\"text-align:center\">Laure Declerck, alto<\/p>\n\n\n\n<p style=\"text-align:center\">Chiara Rolland, clarinette<\/p>\n\n\n\n<p style=\"text-align:center\">Guillaume Sardier,\npiano<\/p>\n\n\n\n<p style=\"text-align:center\"><strong>Jean Cras&nbsp;: <em>Suite\nen duo pour fl\u00fbte et harpe<\/em><\/strong><strong><\/strong><\/p>\n\n\n\n<p style=\"text-align:center\">Merve Ba\u015fo\u011flu,\nfl\u00fbte<\/p>\n\n\n\n<p style=\"text-align:center\">Camille Refait,\nharpe<\/p>\n\n\n\n<p style=\"text-align:center\"><strong>Francis\nPoulenc&nbsp;: <em>Sonate pour clarinette et piano<\/em><\/strong><strong><\/strong><\/p>\n\n\n\n<p style=\"text-align:center\">Albertine Monnet,\npiano<\/p>\n\n\n\n<p style=\"text-align:center\">Manon Buffetrille,\nclarinette&nbsp;\u200b<\/p>\n\n\n\n<p style=\"text-align:center\"><strong>Claude\nDebussy&nbsp;: <em>Quatuor \u00e0 cordes en sol mineur<\/em><\/strong><\/p>\n\n\n\n<p style=\"text-align:center\">Lea Bensa\u00efd, violon<\/p>\n\n\n\n<p style=\"text-align:center\">Amandine Hannoun,\nviolon<\/p>\n\n\n\n<p style=\"text-align:center\">Ga\u00e9tan\nRegis-Terrel, alto<\/p>\n\n\n\n<p style=\"text-align:center\">Aram Musco, violoncelle<\/p>\n\n\n\n<p><\/p>\n\n\n\n<div class=\"wp-block-image\"><figure class=\"aligncenter is-resized\"><a href=\"http:\/\/www.arsantonina.org\/wp-content\/uploads\/IMG_1534A-BD.jpg\"><img decoding=\"async\" loading=\"lazy\" src=\"http:\/\/www.arsantonina.org\/wp-content\/uploads\/IMG_1534A-BD-300x198.jpg\" alt=\"\" class=\"wp-image-3182\" width=\"566\" height=\"374\" srcset=\"https:\/\/www.arsantonina.org\/wp-content\/uploads\/IMG_1534A-BD-300x198.jpg 300w, https:\/\/www.arsantonina.org\/wp-content\/uploads\/IMG_1534A-BD-454x300.jpg 454w, https:\/\/www.arsantonina.org\/wp-content\/uploads\/IMG_1534A-BD-768x508.jpg 768w, https:\/\/www.arsantonina.org\/wp-content\/uploads\/IMG_1534A-BD-1024x677.jpg 1024w, https:\/\/www.arsantonina.org\/wp-content\/uploads\/IMG_1534A-BD-600x397.jpg 600w\" sizes=\"(max-width: 566px) 100vw, 566px\" \/><\/a><\/figure><\/div>\n\n\n\n<p><\/p>\n\n\n\n<p><br><strong>Les \u00e9l\u00e8ves de la classe de musique de chambre<\/strong><\/p>\n\n\n\n<p><strong>de Valerie Bautz au\nConservatoire CNRR de Nice :<\/strong><\/p>\n\n\n\n<p><strong>Adeline REGAD, <\/strong>violon (18 ans). \u00c9l\u00e8ve de la classe de violon de Thibaut Ponsin.<\/p>\n\n\n\n<p><strong>Laure DECLECK, <\/strong>alto (17 ans).&nbsp; \u00c9l\u00e8ve de la classe\nd\u2019alto de Silvia Peneva.<\/p>\n\n\n\n<p><strong>Axel POJAGHI, <\/strong>violoncelle (25 ans). \u00c9l\u00e8ve de la classe de violoncelle de Brigitte\nBlondeau.<\/p>\n\n\n\n<p><strong>Chiara Rolland,\n<\/strong>clarinette (18 ans).&nbsp;\n\u00c9l\u00e8ve de la classe de clarinette de Michel Lethiec.<\/p>\n\n\n\n<p><strong>Guillaume Sardier<\/strong>, piano (20 ans). \u00c9l\u00e8ve de la classe de piano de Caroline Bringuier.<\/p>\n\n\n\n<p><strong>Merve Ba\u015fo\u011flu,\n<\/strong>fl\u00fbte&nbsp;(23 ans). \u00c9l\u00e8ve de la classe de fl\u00fbte de Sibel\nPensel.<\/p>\n\n\n\n<p><strong>Camille Refait,\n<\/strong>harpe (19 ans). \u00c9l\u00e8ve de la classe de harpe de Nathalie\nLebrun.<\/p>\n\n\n\n<p><strong>Albertine Monnet,\n<\/strong>piano (17 ans). \u00c9l\u00e8ve de la classe de piano de Stephanos\nThomopoulos.<\/p>\n\n\n\n<p><strong>Manon Buffetrille,\n<\/strong>clarinette (18 ans).&nbsp;\n\u00c9l\u00e8ve de la classe de clarinette de Catherine Muzeau.<\/p>\n\n\n\n<p><strong>Lea Bensa\u00efd,\n<\/strong>violon (16 ans). \u00c9l\u00e8ve de la classe de violon de Sylvie\nGaglio.<\/p>\n\n\n\n<p><strong>Amandine Hannoun,\n<\/strong>violon (16 ans). \u00c9l\u00e8ve de la classe de violon de Jany\nMuckensturm.<\/p>\n\n\n\n<p><strong>Ga\u00e9tane Regis\nTerrel, <\/strong>alto (18 ans). \u00c9l\u00e8ve de la classe d\u2019alto de\nSylvia Peneva.<\/p>\n\n\n\n<p><strong>Aram Musco, <\/strong>violoncelle (18 ans). \u00c9l\u00e8ve de la classe de violoncelle de Brigitte Blondeau.<br><\/p>\n\n\n\n<p><br><\/p>\n\n\n\n<p><\/p>\n\n\n\n<p><strong>Le concert d\u2019Ars Antonina a mis \u00e0 l\u2019honneur la\nClasse de musique de chambre du Conservatoire \u00e0 Rayonnement R\u00e9gional de Nice<\/strong><\/p>\n\n\n\n<p>L\u2019Association\nArs Antonina, en partenariat avec la ville de Nice, a organis\u00e9 un concert de\nmusique de chambre qui pr\u00e9sentait de jeunes musiciens prometteurs \u00e2g\u00e9s de 13 \u00e0\n20 ans, \u00e9l\u00e8ves de la Classe de musique de chambre de Val\u00e9rie Bautz au\nConservatoire \u00e0 Rayonnement R\u00e9gional de Nice.<\/p>\n\n\n\n<p>Dans\nune salle comble \u00e0 l\u2019Auditorium de la Biblioth\u00e8que Louis Nuc\u00e9ra de Nice, on\nentendit d\u2019abord le 1<sup>er<\/sup> mouvement du&nbsp;<em>Trio \u00e0 cordes<\/em>&nbsp;de Jean Cras (1879-1932), interpr\u00e9t\u00e9 avec\nbeaucoup de sensibilit\u00e9 et de coh\u00e9sion par Adeline Regad, violon (18 ans),\n\u00e9l\u00e8ve de Thibaut Ponsin, Laure Declerck, alto (17 ans), \u00e9l\u00e8ve de Silvia Peneva,\nAxel Pojaghi, violoncelle (25 ans), \u00e9l\u00e8ve de Brigitte Blondeau.<\/p>\n\n\n\n<p>Le c\u00e9l\u00e8bre <em>Trio des Quilles<\/em>&nbsp;(1<sup>er<\/sup>\nmouvement) de Mozart permit \u00e0 Chiara Rolland, clarinette (18ans), \u00e9l\u00e8ve de\nMichel Lethiec, Laure Declerck, alto, Guillaume Sardier, piano (20 ans), \u00e9l\u00e8ve\nde Caroline Bringuier, de d\u00e9ployer toute la finesse requise par la musique\nmozartienne.<\/p>\n\n\n\n<p>Les deux premiers\nmouvements de la <em>Suite en duo pour fl\u00fbte\net harpe <\/em>de Jean Cras furent donn\u00e9s par Merve Basoglu, fl\u00fbte (23 ans),\n\u00e9l\u00e8ve de Sibel Pensel et par Camille Refait, harpe, (19 ans), \u00e9l\u00e8ve de Nathalie\nLebrun.<\/p>\n\n\n\n<p>Le 2<sup>e<\/sup>\nmouvement (Romanza) de la <em>Sonate pour\nclarinette et piano<\/em> de Francis Poulenc d\u00e9roula sa belle cantil\u00e8ne gr\u00e2ce \u00e0\nManon Buffetrille, clarinette (18 ans), \u00e9l\u00e8ve de Catherine Muzeau et \u00e0\nAlbertine Monnet, piano (17 ans) \u00e9l\u00e8ve de Stephanos Thomopoulos.<\/p>\n\n\n\n<p>Enfin, le 1<sup>er<\/sup>\nmouvement du c\u00e9l\u00e8bre <em>Quatuor \u00e0 cordes en\nsol mineur<\/em> de Debussy fut interpr\u00e9t\u00e9 avec vigueur et lyrisme par L\u00e9a\nBensa\u00efd, violon (16 ans), \u00e9l\u00e8ve de Sylvie Gaglio, Amandine Hannoun, violon (16\nans), \u00e9l\u00e8ve de Jany Muckensturm, Ga\u00e9tane Regis-Terrel, alto (18 ans), \u00e9l\u00e8ve de\nSilvia Peneva, Aram Musco, violoncelle (18 ans), \u00e9l\u00e8ve de Brigitte Blondeau.<\/p>\n\n\n\n<p>Tous ces jeunes\nartistes firent preuve de talent, et en faisant honneur \u00e0 leurs professeurs,\nobtinrent un franc succ\u00e8s bien m\u00e9rit\u00e9. <br><\/p>\n","protected":false},"excerpt":{"rendered":"<p>CONCERT DE MUSIQUE DE CHAMBRE&nbsp; Avec jeunes talents issus du Conservatoire CNRR de Nice Organis\u00e9 par l\u2019Association Ars Antonina en partenariat avec la Ville de Nice&nbsp;&nbsp; A la Biblioth\u00e8que Louis Nuc\u00e9ra, Nice Mardi 21 mai 2019 \u00e0 16h Cette manifestation annuelle, organis\u00e9e par l\u2019Association Ars Antonina, vous pr\u00e9sente de jeunes musiciens prometteurs \u00e2g\u00e9s de 13 [&hellip;]<\/p>\n","protected":false},"author":3,"featured_media":0,"parent":0,"menu_order":0,"comment_status":"closed","ping_status":"closed","template":"","meta":{"ngg_post_thumbnail":0},"_links":{"self":[{"href":"https:\/\/www.arsantonina.org\/en\/wp-json\/wp\/v2\/pages\/3197"}],"collection":[{"href":"https:\/\/www.arsantonina.org\/en\/wp-json\/wp\/v2\/pages"}],"about":[{"href":"https:\/\/www.arsantonina.org\/en\/wp-json\/wp\/v2\/types\/page"}],"author":[{"embeddable":true,"href":"https:\/\/www.arsantonina.org\/en\/wp-json\/wp\/v2\/users\/3"}],"replies":[{"embeddable":true,"href":"https:\/\/www.arsantonina.org\/en\/wp-json\/wp\/v2\/comments?post=3197"}],"version-history":[{"count":20,"href":"https:\/\/www.arsantonina.org\/en\/wp-json\/wp\/v2\/pages\/3197\/revisions"}],"predecessor-version":[{"id":3238,"href":"https:\/\/www.arsantonina.org\/en\/wp-json\/wp\/v2\/pages\/3197\/revisions\/3238"}],"wp:attachment":[{"href":"https:\/\/www.arsantonina.org\/en\/wp-json\/wp\/v2\/media?parent=3197"}],"curies":[{"name":"wp","href":"https:\/\/api.w.org\/{rel}","templated":true}]}}