{"id":2675,"date":"2018-03-13T10:59:18","date_gmt":"2018-03-13T10:59:18","guid":{"rendered":"http:\/\/www.arsantonina.org\/?page_id=2675"},"modified":"2018-03-13T12:41:57","modified_gmt":"2018-03-13T12:41:57","slug":"concours-simone-pastor","status":"publish","type":"page","link":"https:\/\/www.arsantonina.org\/en\/concours-simone-pastor\/","title":{"rendered":"Concours Simone Pastor"},"content":{"rendered":"<p style=\"text-align: justify;\"><img decoding=\"async\" loading=\"lazy\" class=\"alignleft wp-image-2676\" src=\"http:\/\/www.arsantonina.org\/wp-content\/uploads\/Affiche-concours.jpg\" alt=\"\" width=\"535\" height=\"757\" srcset=\"https:\/\/www.arsantonina.org\/wp-content\/uploads\/Affiche-concours.jpg 707w, https:\/\/www.arsantonina.org\/wp-content\/uploads\/Affiche-concours-600x849.jpg 600w, https:\/\/www.arsantonina.org\/wp-content\/uploads\/Affiche-concours-212x300.jpg 212w\" sizes=\"(max-width: 535px) 100vw, 535px\" \/>L\u2019Association Ars Antonina qui soutient depuis 30 ans les jeunes musiciens au d\u00e9but de leurs \u00e9tudes, organise un Concours <strong>de piano et de cordes (violon, alto, violoncelle, guitare)<\/strong> ouvert aux jeunes talents prometteurs \u00e2g\u00e9s de 13 \u00e0 18 ans.<\/p>\n<p style=\"text-align: justify;\">Nomm\u00e9 le \u00ab Prix Simone Pastor \u00bb, il offrira des bourses d\u2019\u00e9tudes d\u00e9cern\u00e9es par un jury afin de permettre aux jeunes musiciens de participer, en \u00e9t\u00e9 2018, \u00e0 une acad\u00e9mie internationale de renomm\u00e9e \u00e0 l\u2019\u00e9tranger, couvrant les frais de d\u00e9placement, de cours et d\u2019h\u00e9bergement.<\/p>\n<p style=\"text-align: justify;\">Il faut vous pr\u00e9ciser que c\u2019est un Concours qui a pour but de s\u00e9lectionner, parmi les \u00e9l\u00e8ves de 3<sup>e<\/sup> Cycle et du DEM, ceux qui peuvent b\u00e9n\u00e9ficier d\u2019une participation \u00e0 cette acad\u00e9mie anim\u00e9e par des cours et des master class dispens\u00e9s par des professeurs de renomm\u00e9 internationale, ainsi que par des classes de musique de chambre et d\u2019orchestre.<\/p>\n<p style=\"text-align: justify;\">Les \u00e9l\u00e8ves devront pr\u00e9senter deux \u0153uvres d\u2019une dur\u00e9e maximale de 5 minutes chacune. Lors du concours, qui se d\u00e9roulera pendant l\u2019apr\u00e8s-midi, le jury s\u00e9lectionnera jusqu\u2019\u00e0 6 finalistes qui se produiront, avec les m\u00eames \u0153uvres, devant un public \u00e0 18h du m\u00eame jour. Ces finalistes seront effectivement candidats pour les bourses d\u2019\u00e9tudes.<\/p>\n<p style=\"text-align: justify;\">Ce Concours aura lieu au <strong>Conservatoire \u00e0 Rayonnement R\u00e9gional de Nice, le vendredi 30 mars 2018<\/strong> dans la grande salle Berlioz, pendant l\u2019apr\u00e8s-midi et le soir.<\/p>\n<p style=\"text-align: justify;\"><strong>Le jury est compos\u00e9 de\u00a0:<\/strong><\/p>\n<p style=\"text-align: justify;\"><strong><img decoding=\"async\" loading=\"lazy\" class=\"alignleft size-full wp-image-2681\" src=\"http:\/\/www.arsantonina.org\/wp-content\/uploads\/kerob.jpg\" alt=\"\" width=\"150\" height=\"115\" \/><img decoding=\"async\" loading=\"lazy\" class=\"alignleft size-full wp-image-2682\" src=\"http:\/\/www.arsantonina.org\/wp-content\/uploads\/amadi.jpg\" alt=\"\" width=\"150\" height=\"115\" \/><img decoding=\"async\" loading=\"lazy\" class=\"alignleft size-full wp-image-2683\" src=\"http:\/\/www.arsantonina.org\/wp-content\/uploads\/levy.jpg\" alt=\"\" width=\"150\" height=\"115\" \/>Liza Kerob\u00a0:<\/strong> Supersoliste de l&#8217;Orchestre Philharmonique de Monte-Carlo<br \/>\n<strong>Thierry Amadi<\/strong>\u00a0: Premier violoncelle solo de l&#8217;Orchestre Philharmonique de Monte-Carlo<br \/>\n<strong>David Levy\u00a0:<\/strong> Concertiste, professeur de piano.<\/p>\n<p style=\"text-align: justify;\">Informations, inscriptions et r\u00e9servations : <a href=\"mailto:arsantonina@gmail.com\">arsantonina@gmail.com<\/a><\/p>\n<hr \/>\n<p style=\"text-align: center;\"><a href=\"http:\/\/www.arsantonina.org\"><< Retour<\/a><\/p>\n","protected":false},"excerpt":{"rendered":"<p>L\u2019Association Ars Antonina qui soutient depuis 30 ans les jeunes musiciens au d\u00e9but de leurs \u00e9tudes, organise un Concours de piano et de cordes (violon, alto, violoncelle, guitare) ouvert aux jeunes talents prometteurs \u00e2g\u00e9s de 13 \u00e0 18 ans. Nomm\u00e9 le \u00ab Prix Simone Pastor \u00bb, il offrira des bourses d\u2019\u00e9tudes d\u00e9cern\u00e9es par un jury [&hellip;]<\/p>\n","protected":false},"author":1,"featured_media":947,"parent":0,"menu_order":0,"comment_status":"closed","ping_status":"closed","template":"","meta":{"ngg_post_thumbnail":0},"_links":{"self":[{"href":"https:\/\/www.arsantonina.org\/en\/wp-json\/wp\/v2\/pages\/2675"}],"collection":[{"href":"https:\/\/www.arsantonina.org\/en\/wp-json\/wp\/v2\/pages"}],"about":[{"href":"https:\/\/www.arsantonina.org\/en\/wp-json\/wp\/v2\/types\/page"}],"author":[{"embeddable":true,"href":"https:\/\/www.arsantonina.org\/en\/wp-json\/wp\/v2\/users\/1"}],"replies":[{"embeddable":true,"href":"https:\/\/www.arsantonina.org\/en\/wp-json\/wp\/v2\/comments?post=2675"}],"version-history":[{"count":7,"href":"https:\/\/www.arsantonina.org\/en\/wp-json\/wp\/v2\/pages\/2675\/revisions"}],"predecessor-version":[{"id":2687,"href":"https:\/\/www.arsantonina.org\/en\/wp-json\/wp\/v2\/pages\/2675\/revisions\/2687"}],"wp:featuredmedia":[{"embeddable":true,"href":"https:\/\/www.arsantonina.org\/en\/wp-json\/wp\/v2\/media\/947"}],"wp:attachment":[{"href":"https:\/\/www.arsantonina.org\/en\/wp-json\/wp\/v2\/media?parent=2675"}],"curies":[{"name":"wp","href":"https:\/\/api.w.org\/{rel}","templated":true}]}}