{"id":2627,"date":"2018-02-05T13:09:40","date_gmt":"2018-02-05T13:09:40","guid":{"rendered":"http:\/\/www.arsantonina.org\/?page_id=2627"},"modified":"2018-03-01T12:10:24","modified_gmt":"2018-03-01T12:10:24","slug":"status-monaco","status":"publish","type":"page","link":"https:\/\/www.arsantonina.org\/en\/status-monaco\/","title":{"rendered":"Association Ars Antonina de Monaco"},"content":{"rendered":"<h2 style=\"text-align: center;\"><strong>STATUTS<\/strong><\/h2>\n<p><strong>I &#8211; DENOMINATION &#8211; OBJET &#8211; DUR\u00c9E &#8211; SIEGE SOCIAL<\/strong><\/p>\n<p><strong><u>ARTICLE 1<\/u><\/strong><\/p>\n<p>Il est form\u00e9, dans le cadre de la loi n\u00b01.355 du 23 d\u00e9cembre 2008, pour une dur\u00e9e ind\u00e9termin\u00e9e, une association d\u00e9nomm\u00e9e ARS ANTONINA MONACO, r\u00e9gie par les principes g\u00e9n\u00e9raux du droit applicables aux contrats et les obligations et les dispositions des pr\u00e9sents statuts.<\/p>\n<p><strong><u>ARTICLE 2<\/u><\/strong><\/p>\n<p>Cette Association a pour but :<\/p>\n<ol>\n<li>de r\u00e9v\u00e9ler, aider et encourager les jeunes talents, notamment les musiciens, chanteurs et danseurs par l\u2019organisation de concerts, de master-classes et d\u2019une acad\u00e9mie d\u2019\u00e9t\u00e9\u00a0;<\/li>\n<li>d\u2019aider, au cours de leurs \u00e9tudes et dans le d\u00e9veloppement de leur carri\u00e8re, de jeunes musiciens, chanteurs et danseurs classiques;<\/li>\n<li>de faciliter l\u2019acc\u00e8s pour tous \u00e0 la culture musicale classique par tous les moyens de diffusion.<\/li>\n<\/ol>\n<p><strong><u>ARTICLE 3<\/u><\/strong><\/p>\n<p>Son si\u00e8ge social est situ\u00e9 \u00e0 Monaco. Il peut \u00eatre fix\u00e9 en un point quelconque du territoire de la Principaut\u00e9 par d\u00e9cision du Conseil d\u2019administration.<\/p>\n<p>&nbsp;<\/p>\n<p><strong>II &#8211; CONDITIONS D\u2019ADMISSION, DE DEMISSION OU D\u2019EXCLUSION DES SOCI\u00c9TAIRES<\/strong><\/p>\n<p><strong><u>ARTICLE 4<\/u><\/strong><\/p>\n<p>L\u2019Association comprend :<\/p>\n<ol>\n<li>des membres fondateurs, responsables de la politique g\u00e9n\u00e9rale de l\u2019association\u00a0;<\/li>\n<li>des membres d\u2019honneurs, soit ceux qui ont rendu des services signal\u00e9s \u00e0 l\u2019association, soit ceux qui versent \u00e0 l\u2019association une cotisation dont le montant minimum est fix\u00e9 annuellement par le Conseil d\u2019Administration\u00a0;<\/li>\n<li>des membres bienfaiteurs, qui versent \u00e0 l\u2019association, une cotisation dont le montant minimum est fix\u00e9 annuellement par le Conseil d\u2019Administration ;<\/li>\n<li>des membres actifs qui s\u2019acquittent d\u2019une cotisation dont le montant minimum est fix\u00e9 annuellement par le Conseil d\u2019Administration.<\/li>\n<\/ol>\n<p>Les diff\u00e9rents membres de toutes les cat\u00e9gories qui sont \u00e0 jour de leur cotisation ont le droit de vote lors des Assembl\u00e9es G\u00e9n\u00e9rale et Extraordinaire.<\/p>\n<p>&nbsp;<\/p>\n<p><strong><u>ARTICLE 5<\/u><\/strong><\/p>\n<p>Les demandes d\u2019admission doivent \u00eatre adress\u00e9es soit au pr\u00e9sident, soit au secr\u00e9taire g\u00e9n\u00e9ral de l\u2019Association. Elles comportent l\u2019adh\u00e9sion aux pr\u00e9sents statuts.<\/p>\n<p>L\u2019admission est prononc\u00e9e par le Conseil d\u2019administration qui en rend compte \u00e0 l\u2019Assembl\u00e9e g\u00e9n\u00e9rale.<\/p>\n<p><strong><u>ARTICLE 6<\/u><\/strong><\/p>\n<p>La qualit\u00e9 de membre de l\u2019Association se perd\u00a0:<\/p>\n<ol>\n<li>par la d\u00e9mission donn\u00e9e par \u00e9crit\u00a0;<\/li>\n<li>par la radiation prononc\u00e9e par le Conseil d\u2019administration pour non-paiement de la cotisation (apr\u00e8s rappel par lettre recommand\u00e9e), pour non observation des statuts ou pour motifs graves, et apr\u00e8s une mise en demeure non suivie d\u2019amendement. Le membre int\u00e9ress\u00e9 est pr\u00e9alablement appel\u00e9 \u00e0 fournir ses explications.<\/li>\n<\/ol>\n<p>Il peut faire appel de cette d\u00e9cision devant l\u2019Assembl\u00e9e g\u00e9n\u00e9rale.<\/p>\n<p>Les membres d\u00e9missionnaires ou exclus sont tenus de payer la cotisation de l\u2019ann\u00e9e en cours\u00a0: ils ne peuvent revendiquer aucun remboursement des sommes vers\u00e9es.<\/p>\n<p><strong>III &#8211; ADMINISTRATION DE L\u2019ASSOCIATION <\/strong><\/p>\n<p><strong><u>ARTICLE\u00a0 7<\/u><\/strong><\/p>\n<p>L\u2019association est administr\u00e9e par un Conseil d\u2019administration, investie des pouvoirs de gestion les plus \u00e9tendus, compos\u00e9 de 5 membres au moins et de 12 membres au plus, majeurs et jouissant de leurs droits civils. La majorit\u00e9 des membres du Conseil d\u2019administration doit \u00eatre domicili\u00e9e \u00e0 Monaco.<\/p>\n<p>&nbsp;<\/p>\n<p><strong><u>ARTICLE 8<\/u><\/strong><\/p>\n<p>Les membres du Conseil d\u2019administration sont \u00e9lus au scrutin secret par l\u2019Assembl\u00e9e g\u00e9n\u00e9rale pour une dur\u00e9e de 3 ann\u00e9es, \u00e0 la majorit\u00e9 absolue des membres pr\u00e9sents et repr\u00e9sent\u00e9s au premier tour et \u00e0 la majorit\u00e9 relative au second tour. Sont \u00e9ligibles les membres \u00e0 jour de leurs cotisations et qui ont adh\u00e9r\u00e9 \u00e0 l\u2019Association depuis deux ans au minimum.<\/p>\n<p>En cas d\u2019\u00e9galit\u00e9 de suffrages, le membre le plus ancien est \u00e9lu et, \u00e0 \u00e9galit\u00e9 d\u2019anciennet\u00e9, le plus \u00e2g\u00e9.<\/p>\n<p>Le Conseil d\u2019Administration est renouvel\u00e9 int\u00e9gralement tous les trois\u00a0ans ; les membres sortants sont r\u00e9\u00e9ligibles.<\/p>\n<p>&nbsp;<\/p>\n<p><strong><u>ARTICLE 9<\/u><\/strong><\/p>\n<p>En cas de vacance d\u2019un poste d\u2019Administrateur, le Conseil pourvoit provisoirement \u00e0 son remplacement. Il est proc\u00e9d\u00e9 \u00e0 son remplacement d\u00e9finitif par la plus prochaine Assembl\u00e9e g\u00e9n\u00e9rale.<\/p>\n<p>&nbsp;<\/p>\n<p><strong><u>ARTICLE 10<\/u><\/strong><\/p>\n<p>Le Conseil d\u2019administration choisit parmi ses membres un bureau compos\u00e9\u00a0:<\/p>\n<p>1.d\u2019un Pr\u00e9sident qui a pour mission\u00a0:<\/p>\n<ul>\n<li>de repr\u00e9senter l\u2019association dans tous les actes de la vie civile.\u00a0 Il la repr\u00e9sente en justice lorsqu\u2019elle est d\u00e9fenderesse\u00a0; autoris\u00e9 par le Conseil d\u2019Administration ou, en cas d\u2019urgence, par le bureau, il intente des actions en son nom\u00a0;<\/li>\n<li>d\u2019ordonnancer les d\u00e9penses\u00a0;<\/li>\n<li>d\u2019ex\u00e9cuter les d\u00e9cisions prises par le Conseil d\u2019Administration\u00a0;<\/li>\n<li>de pr\u00e9sider, avec voix pr\u00e9pond\u00e9rante, le Conseil d\u2019Administration et l\u2019Assembl\u00e9e G\u00e9n\u00e9rale.<\/li>\n<\/ul>\n<p>2. d\u2019un Vice-pr\u00e9sident et \u00e9ventuellement d\u2019un Vice-pr\u00e9sident adjoint, qui poss\u00e8dent toute comp\u00e9tence pour seconder le Pr\u00e9sident et le remplacer en cas d\u2019absence.<\/p>\n<p>3. d\u2019un Secr\u00e9taire G\u00e9n\u00e9ral charg\u00e9 d\u2019effectuer les travaux d\u2019ordre administratif, et \u00e9ventuellement d\u2019un Secr\u00e9taire G\u00e9n\u00e9ral adjoint.<\/p>\n<p>4. d\u2019un Tr\u00e9sorier assurant la comptabilit\u00e9 des recettes et des d\u00e9penses de l\u2019association, et \u00e9ventuellement d\u2019un Tr\u00e9sorier adjoint. Le Tr\u00e9sorier \u00e9tablit, en outre, les certificats de paiement qui doivent \u00eatre contresign\u00e9s par le Pr\u00e9sident, op\u00e8re les encaissements et donne quittance. Il doit fournir chaque ann\u00e9e un rapport financier sur les comptes de l\u2019exercice clos.<\/p>\n<p><strong><u>ARTICLE 11<\/u><\/strong><\/p>\n<p>Le Conseil d\u2019administration peut d\u00e9l\u00e9guer les pouvoirs qu\u2019il juge convenables \u00e0 un ou plusieurs de ses membres, par mandat sp\u00e9cial et \u00e9crit pour un ou plusieurs objets d\u00e9termin\u00e9s.<\/p>\n<p>Le Conseil d\u2019Administration peut s\u2019entourer de conseillers pour avis. Ces conseillers participent aux d\u00e9lib\u00e9rations sans droit de vote.<\/p>\n<p><strong><u>ARTICLE 12<\/u><\/strong><\/p>\n<p>Le Conseil d\u2019Administration se r\u00e9unit, sur la convocation de son pr\u00e9sident, aussi souvent que l\u2019int\u00e9r\u00eat de l\u2019Association exige.<\/p>\n<p>Le Pr\u00e9sident est tenu de le convoquer sur la demande du quart des membres.<\/p>\n<p>Pour la validit\u00e9 des d\u00e9lib\u00e9rations, la pr\u00e9sence de la moiti\u00e9 des membres au moins est n\u00e9cessaire.<\/p>\n<p>Les d\u00e9cisions sont prises \u00e0 la majorit\u00e9 des membres pr\u00e9sents et repr\u00e9sent\u00e9s.<\/p>\n<p>Les membres absents peuvent se faire repr\u00e9senter aux d\u00e9lib\u00e9rations du Conseil d\u2019administration par un membre pr\u00e9sent qui, \u00e0 cet effet, doit \u00eatre muni d\u2019un mandat sp\u00e9cial et \u00e9crit.<\/p>\n<p><strong>IV &#8211; ASSEMBL\u00c9E G\u00c9N\u00c9RALE DE L\u2019ASSOCIATION<\/strong><\/p>\n<p><strong><u>ARTICLE 13<\/u><\/strong><\/p>\n<p>L\u2019Assembl\u00e9e g\u00e9n\u00e9rale, r\u00e9guli\u00e8rement constitu\u00e9e, repr\u00e9sente le pouvoir supr\u00eame de l\u2019Association. Elle se r\u00e9unit au moins une fois par an, sur convocation du Pr\u00e9sident du Conseil d\u2019administration qui, en outre, est tenu de la convoquer \u00e0 la demande du Conseil d\u2019Administration ou d\u2019un tiers des membres de l\u2019association.<\/p>\n<p>Le Pr\u00e9sident convoque les membres de l\u2019Association huit jours au moins avant la date de l\u2019Assembl\u00e9e g\u00e9n\u00e9rale. L\u2019ordre du jour est \u00e9tabli par le Conseil d\u2019Administration.<\/p>\n<p>Les propositions et demandes d\u2019intervention adress\u00e9es par lettre au Pr\u00e9sident, sont inscrites de droit \u00e0 l\u2019ordre du jour de l\u2019Assembl\u00e9 g\u00e9n\u00e9rale.<\/p>\n<p><strong><u>ARTICLE 14<\/u><\/strong><\/p>\n<p>L\u2019assembl\u00e9e g\u00e9n\u00e9rale est pr\u00e9sid\u00e9e par le Pr\u00e9sident du Conseil d\u2019administration. Lorsqu\u2019il s\u2019agit d\u2019\u00e9lire le Conseil d\u2019administration, l\u2019Assemble g\u00e9n\u00e9rale est pr\u00e9sid\u00e9e par son doyen d\u2019\u00e2ge assist\u00e9 de deux scrutateurs choisis par elle.<\/p>\n<p><strong><u>ARTICLE 15<\/u><\/strong><\/p>\n<p>Pour d\u00e9lib\u00e9rer valablement, l\u2019Assembl\u00e9e g\u00e9n\u00e9rale doit \u00eatre compos\u00e9e de la moiti\u00e9 au moins des membres adh\u00e9rant \u00e0 l\u2019Association. Si cette condition n\u2019est pas remplie, l\u2019Assembl\u00e9e g\u00e9n\u00e9rale est convoqu\u00e9e \u00e0 nouveau et les d\u00e9lib\u00e9rations sont valables que soit le nombre des membres pr\u00e9sents\u00a0; elles ne peuvent cependant porter que sur des objets mis \u00e0 l\u2019ordre du jour de la premi\u00e8re r\u00e9union.<\/p>\n<p><strong><u>ARTICLE 16<\/u><\/strong><\/p>\n<p>L\u2019Assembl\u00e9e g\u00e9n\u00e9rale\u00a0:<\/p>\n<ol>\n<li>Le cas \u00e9ch\u00e9ant, \u00e9lit les membres du Conseil d\u2019administration\u00a0;<\/li>\n<li>entend les rapports sur la gestion du Conseil d\u2019administration, sur la situation financi\u00e8re et les activit\u00e9s de l\u2019association\u00a0;<\/li>\n<\/ol>\n<p>Elle approuve les comptes de l\u2019exercice clos et vote pour le budget de l\u2019exercice suivant.<\/p>\n<p>Elle proc\u00e8de, s\u2019il y a lieu, \u00e0 l\u2019affectation d\u2019exc\u00e9dents de recettes. En aucun cas, ces exc\u00e9dents ne peuvent \u00eatre r\u00e9partis entre les membres de l\u2019Association.<\/p>\n<p>3. conna\u00eet toutes les questions int\u00e9ressant la marche de l\u2019Association.<\/p>\n<p>A cet effet, elle d\u00e9lib\u00e8re et se prononce souverainement sur les propositions port\u00e9es \u00e0 l\u2019ordre du jour.<\/p>\n<p>Dans le cas o\u00f9 un de ces membres la saisit d\u2019une affaire qui ne figure pas \u00e0 l\u2019ordre du jour, elle peut en accepter la dissolution imm\u00e9diate, s\u2019il y a urgence, ou demander au conseil d\u2019administration de lui fournir un rapport.<\/p>\n<p><strong><u>ARTICLE 17<\/u><\/strong><\/p>\n<p>Les d\u00e9lib\u00e9rations de l\u2019Assembl\u00e9e G\u00e9n\u00e9rale sont prises \u00e0 la majorit\u00e9 des voix des membres pr\u00e9sents et repr\u00e9sent\u00e9s.<\/p>\n<p>En cas de partage \u00e9gal des voix, celle du Pr\u00e9sident est pr\u00e9pond\u00e9rante.<\/p>\n<p>Les voix sont exprim\u00e9es \u00e0 la main lev\u00e9e, \u00e0 moins que le scrutin secret ne soit demand\u00e9 par la majorit\u00e9 de l\u2019Assembl\u00e9e ou par le Conseil d\u2019administration.<\/p>\n<p><strong>V &#8211; SURVEILLANCE DE L\u2019ASSOCIATION<\/strong><\/p>\n<p><strong><u>ARTICLE 18<\/u><\/strong><\/p>\n<p>Conform\u00e9ment \u00e0 l\u2019article 10 de la loi n\u00b0 1.355 du 23 d\u00e9cembre 2008, le Pr\u00e9sident est tenu, dans le mois, de d\u00e9clarer au Secr\u00e9tariat G\u00e9n\u00e9ral du Minist\u00e8re d\u2019\u00c9tat qui en d\u00e9livrera r\u00e9c\u00e9piss\u00e9\u00a0:<\/p>\n<ol>\n<li>tout changement dans la d\u00e9nomination, l\u2019objet ou l\u2019adresse du si\u00e8ge social\u00a0;<\/li>\n<li>toute modification dans la composition de l\u2019organe du Conseil d\u2019administration ainsi que dans les fonctions des ces membres\u00a0;<\/li>\n<li>toute acquisition ou ali\u00e9nation de locaux et immeubles\u00a0; un \u00e9tat descriptif en cas d\u2019acquisition et l\u2019indication des prix d\u2019acquisition ou d\u2019ali\u00e9nation doivent \u00eatre joints \u00e0 la d\u00e9claration\u00a0;<\/li>\n<li>toute modification affectant les statuts autres que celles vis\u00e9es au chiffre\u00a0 a)<\/li>\n<li>toute d\u00e9cision de dissolution volontaire de l\u2019Association.<\/li>\n<\/ol>\n<p>&nbsp;<\/p>\n<p><strong><u>ARTICLE 19<\/u><\/strong><\/p>\n<p>Conform\u00e9ment \u00e0 l\u2019article 11 de la loi n\u00b0 1.355 du 23 d\u00e9cembre 2008, le Pr\u00e9sident ou un administrateur est tenu de publier au journal de Monaco, outre le r\u00e9c\u00e9piss\u00e9 de d\u00e9claration, un avis mentionnant\u00a0:<\/p>\n<ol>\n<li>tout changement dans la d\u00e9nomination, l\u2019objet ou l\u2019adresse du si\u00e8ge social\u00a0;<\/li>\n<li>la d\u00e9cision comportant dissolution de l\u2019Association.<\/li>\n<\/ol>\n<p>La publication doit \u00eatre faite dans le mois qui suit la d\u00e9claration.<\/p>\n<p><strong><u>ARTICLE 20<\/u><\/strong><\/p>\n<p>Conform\u00e9ment \u00e0 l\u2019article 12 de la loi n\u00b0 1.355 du 23 d\u00e9cembre 2008, les administrateurs doivent tenir un registre o\u00f9 sont transcrites les modifications apport\u00e9es aux statuts, les changements survenus dans l\u2019administration\u00a0 de l\u2019Association et les dates des avis de r\u00e9ception s\u2019y rapportant. Ce registre doit \u00eatre pr\u00e9sent\u00e9 \u00e0 toute demande du Ministre d\u2019\u00c9tat ou des autorit\u00e9s judiciaires.<\/p>\n<p><strong>VI &#8211; DOTATION &#8211; RESSOURCES \u00a0ANNUELLES<\/strong><\/p>\n<p><strong>\u00a0<\/strong><strong><u>ARTICLE 21<\/u><\/strong><\/p>\n<p>La donation comprend\u00a0: n\u00e9ant<\/p>\n<p><strong><u>ARTICLE 22<\/u><\/strong><\/p>\n<p>Les recettes annuelles de l\u2019association se composent\u00a0:<\/p>\n<ol>\n<li>des cotisations de ses membres\u00a0;<\/li>\n<li>des ressources cr\u00e9\u00e9es \u00e0 titre exceptionnel, sous r\u00e9serve de l\u2019agr\u00e9ment de l\u2019autorit\u00e9 comp\u00e9tente (repr\u00e9sentations, master-classes, concerts autoris\u00e9s au profit de l\u2019Association)\u00a0;<\/li>\n<li>des lib\u00e9ralit\u00e9s consenties en sa faveur sous r\u00e9serve de l\u2019autorisation pr\u00e9vue par les articles 778 et 804 du Code Civil.<\/li>\n<\/ol>\n<p><strong>VII &#8211; MODIFICATION DES STATUTS<\/strong><\/p>\n<p><strong><u>ARTICLE 23<\/u><\/strong><\/p>\n<p>Les statuts peuvent \u00eatre modifi\u00e9s sur proposition du Conseil d\u2019administration ou d\u2019un tiers des membres de l\u2019Assembl\u00e9e g\u00e9n\u00e9rale.<\/p>\n<p>Dans l\u2019un comme dans l\u2019autre cas, les propositions de modifications sont inscrites \u00e0 l\u2019ordre du jour de la prochaine Assembl\u00e9e g\u00e9n\u00e9rale, lequel doit \u00eatre envoy\u00e9 \u00e0 tous les membres de l\u2019Association au moins 15 jours \u00e0 l\u2019avance.<\/p>\n<p><strong><u>ARTICLE 24<\/u><\/strong><\/p>\n<p>L\u2019Assembl\u00e9e g\u00e9n\u00e9rale se r\u00e9unit dans les conditions pr\u00e9vues \u00e0 l\u2019article 15 des statuts.<\/p>\n<p>Les statuts ne peuvent \u00eatre modifi\u00e9s qu\u2019\u00e0 la majorit\u00e9 des deux-tiers des membres pr\u00e9sents et repr\u00e9sent\u00e9s.<\/p>\n<p><strong>VIII &#8211; DISSOLUTION &#8211; LIQUIDATION \u2013 DEVOLUTION DU PATRIMOINE<\/strong><\/p>\n<p><strong><u>ARTICLE 25<\/u><\/strong><\/p>\n<p>La dissolution volontaire peut intervenir lorsqu\u2019une d\u00e9cision en ce sens est prise par l\u2019Assembl\u00e9e g\u00e9n\u00e9rale. Elle peut prononcer une telle d\u00e9cision notamment lorsqu\u2019elle est devenue sans objet.<\/p>\n<p><strong><u>ARTICLE 26<\/u><\/strong><\/p>\n<p>L\u2019Assembl\u00e9e g\u00e9n\u00e9rale appel\u00e9e \u00e0 se prononcer sur la dissolution de l\u2019Association est convoqu\u00e9e sp\u00e9cialement \u00e0 cet effet. Elle doit comprendre au moins la moiti\u00e9 plus un des membres en exercice.<\/p>\n<p><strong><u>ARTICLE 27<\/u><\/strong><\/p>\n<p>En cas de dissolution de l\u2019Association, l\u2019Assembl\u00e9e g\u00e9n\u00e9rale des soci\u00e9taires d\u00e9signe une ou plusieurs personnes charg\u00e9es de proc\u00e9der aux op\u00e9rations de liquidation des biens. A d\u00e9faut, le Tribunal de Premi\u00e8re Instance nommera, \u00e0 la diligence du Minist\u00e8re Public ou de tout int\u00e9ress\u00e9, un administrateur judiciaire.<\/p>\n<p>L\u2019Actif net doit \u00eatre affect\u00e9 \u00e0 un groupement de la Principaut\u00e9 poursuivant un objectif comparable.<\/p>\n<p><strong><u>ARTICLE 28<\/u><\/strong><\/p>\n<p>Tous les cas non pr\u00e9vis aux pr\u00e9sents statuts rel\u00e8vent du Conseil d\u2019administration charg\u00e9 d\u2019\u00e9tablir un r\u00e8glement int\u00e9rieur, approuv\u00e9 et modifi\u00e9 par l\u2019Assembl\u00e9e g\u00e9n\u00e9rale de l\u2019Association.<\/p>\n","protected":false},"excerpt":{"rendered":"<p>STATUTS I &#8211; DENOMINATION &#8211; OBJET &#8211; DUR\u00c9E &#8211; SIEGE SOCIAL ARTICLE 1 Il est form\u00e9, dans le cadre de la loi n\u00b01.355 du 23 d\u00e9cembre 2008, pour une dur\u00e9e ind\u00e9termin\u00e9e, une association d\u00e9nomm\u00e9e ARS ANTONINA MONACO, r\u00e9gie par les principes g\u00e9n\u00e9raux du droit applicables aux contrats et les obligations et les dispositions des pr\u00e9sents [&hellip;]<\/p>\n","protected":false},"author":1,"featured_media":2633,"parent":0,"menu_order":0,"comment_status":"closed","ping_status":"closed","template":"","meta":{"ngg_post_thumbnail":0},"_links":{"self":[{"href":"https:\/\/www.arsantonina.org\/en\/wp-json\/wp\/v2\/pages\/2627"}],"collection":[{"href":"https:\/\/www.arsantonina.org\/en\/wp-json\/wp\/v2\/pages"}],"about":[{"href":"https:\/\/www.arsantonina.org\/en\/wp-json\/wp\/v2\/types\/page"}],"author":[{"embeddable":true,"href":"https:\/\/www.arsantonina.org\/en\/wp-json\/wp\/v2\/users\/1"}],"replies":[{"embeddable":true,"href":"https:\/\/www.arsantonina.org\/en\/wp-json\/wp\/v2\/comments?post=2627"}],"version-history":[{"count":3,"href":"https:\/\/www.arsantonina.org\/en\/wp-json\/wp\/v2\/pages\/2627\/revisions"}],"predecessor-version":[{"id":2644,"href":"https:\/\/www.arsantonina.org\/en\/wp-json\/wp\/v2\/pages\/2627\/revisions\/2644"}],"wp:featuredmedia":[{"embeddable":true,"href":"https:\/\/www.arsantonina.org\/en\/wp-json\/wp\/v2\/media\/2633"}],"wp:attachment":[{"href":"https:\/\/www.arsantonina.org\/en\/wp-json\/wp\/v2\/media?parent=2627"}],"curies":[{"name":"wp","href":"https:\/\/api.w.org\/{rel}","templated":true}]}}