{"id":2589,"date":"2018-02-05T11:14:03","date_gmt":"2018-02-05T11:14:03","guid":{"rendered":"http:\/\/www.arsantonina.org\/?page_id=2589"},"modified":"2018-02-05T11:46:26","modified_gmt":"2018-02-05T11:46:26","slug":"concert-de-noel-2017","status":"publish","type":"page","link":"https:\/\/www.arsantonina.org\/en\/concert-de-noel-2017\/","title":{"rendered":"Concert de No\u00ebl 2017"},"content":{"rendered":"<p style=\"text-align: justify;\"><strong>LA PREMIERE EDITION DU PRIX \u00ab\u00a0Jaqueline Ollier\u00a0\u00bb DECERNE AUX JEUNES TALENTS PROMETTEURS DE LA COTE D\u2019AZUR REUNIS A MONACO POUR LE TRADITIONNEL CONCERT DE NO\u00cbL D\u2019ARS ANTONINA.<\/strong><\/p>\n<p style=\"text-align: justify;\"><strong>\u00a0<\/strong><\/p>\n<p style=\"text-align: justify;\"><img decoding=\"async\" loading=\"lazy\" class=\" wp-image-2591 alignleft\" src=\"http:\/\/www.arsantonina.org\/wp-content\/uploads\/Photo-de-groupe.jpg\" alt=\"\" width=\"494\" height=\"330\" srcset=\"https:\/\/www.arsantonina.org\/wp-content\/uploads\/Photo-de-groupe.jpg 700w, https:\/\/www.arsantonina.org\/wp-content\/uploads\/Photo-de-groupe-600x400.jpg 600w, https:\/\/www.arsantonina.org\/wp-content\/uploads\/Photo-de-groupe-450x300.jpg 450w, https:\/\/www.arsantonina.org\/wp-content\/uploads\/Photo-de-groupe-300x200.jpg 300w\" sizes=\"(max-width: 494px) 100vw, 494px\" \/>La 29<sup>e<\/sup> \u00e9dition du traditionnel Concert de No\u00ebl organis\u00e9 par l\u2019Association Ars Antonina en partenariat avec la Direction des Affaires Culturelles du Gouvernement Princier et le D\u00e9partement des Alpes-Maritimes, s\u2019est r\u00e9v\u00e9l\u00e9e une fois encore de tr\u00e8s haut niveau.<\/p>\n<p style=\"text-align: justify;\">Dix-neuf jeunes musiciens prometteurs, \u00e2g\u00e9s de 6 \u00e0 13 ans, issus des conservatoires d\u2019Antibes, Beausoleil, Cannes, Menton et Nice, se sont produits dans un programme tr\u00e8s vari\u00e9 sur la sc\u00e8ne du Th\u00e9\u00e2tre des Vari\u00e9t\u00e9s. Tous ont d\u00e9montr\u00e9\u00a0l\u2019\u00e9tendue de leurs dons, de leur travail et de la qualit\u00e9 de leurs excellents professeurs.<\/p>\n<p style=\"text-align: justify;\">Cette ann\u00e9e, gr\u00e2ce au g\u00e9n\u00e9reux m\u00e9c\u00e9nat d\u2019un donateur mon\u00e9gasque qui a souhait\u00e9 garder l\u2019anonymat, l\u2019Association Ars Antonina a inaugur\u00e9 le \u00ab\u00a0Prix Jacqueline Ollier\u00a0\u00bb en m\u00e9moire de sa fondatrice, afin d\u2019offrir une bourse d\u2019\u00e9tude permettant \u00e0 l\u2019\u00e9l\u00e8ve le plus m\u00e9ritant de participer \u00e0 une acad\u00e9mie internationale de musique \u00e0 l\u2019\u00e9tranger durant l\u2019\u00e9t\u00e9 prochain. Pour s\u00e9lectionner le laur\u00e9at, un concours s\u2019est d\u00e9roul\u00e9 pendant ce concert devant un jury compos\u00e9 de Madame Christine Gastaud, professeur de piano au Conservatoire de Nice, Madame Solange de Rocca-Serra professeur de violon et de Madame Carine Swierc Messina, professeur de flute au Conservatoire d\u2019Antibes.<\/p>\n<p style=\"text-align: justify;\"><img decoding=\"async\" loading=\"lazy\" class=\" wp-image-2592 alignright\" src=\"http:\/\/www.arsantonina.org\/wp-content\/uploads\/Laur\u00e9ate.jpg\" alt=\"\" width=\"299\" height=\"384\" srcset=\"https:\/\/www.arsantonina.org\/wp-content\/uploads\/Laur\u00e9ate.jpg 416w, https:\/\/www.arsantonina.org\/wp-content\/uploads\/Laur\u00e9ate-300x384.jpg 300w, https:\/\/www.arsantonina.org\/wp-content\/uploads\/Laur\u00e9ate-234x300.jpg 234w\" sizes=\"(max-width: 299px) 100vw, 299px\" \/>Le public tr\u00e8s nombreux a \u00e9t\u00e9 combl\u00e9 par le talent personnel de ces jeunes qui ont fait honneur \u00e0 leurs enseignants : le pianiste Alexey Dimitriadis, d\u00e9j\u00e0 musicien inspir\u00e9 confirmait son talent et ses progr\u00e8s ; le violoniste, Alexandre Gasparo, que l\u2019Association suit fid\u00e8lement depuis 4 ans ; le benjamin de la soir\u00e9e, Ambroise Moutier, clarinettiste et musicien exceptionnel \u00e0 six ans ; Allan d\u2019Orlan de Polignac, pianiste avec une forte pr\u00e9sence, une technique et une musicalit\u00e9 rare \u00e0 11 ans.<\/p>\n<p style=\"text-align: justify;\">Tous les jeunes artistes au concert ont \u00e9t\u00e9 \u00e0 la hauteur sinon au-del\u00e0 des attentes du public attentif et s\u00e9duit venu nombreux soutenir ces jeunes artistes. Cependant, la violoncelliste Miriam Bensaid s\u2019est particuli\u00e8rement distingu\u00e9e selon les d\u00e9lib\u00e9rations du jury et a remport\u00e9 le \u00ab\u00a0Prix Jacqueline Ollier\u00a0\u00bb qui lui a \u00e9t\u00e9 remis par Mme Louisette Levy-Soussan Azzoaglio, pr\u00e9sidente d\u2019honneur de l\u2019Association Ars Antonina.<\/p>\n<p style=\"text-align: justify;\">Cr\u00e9dit Photos : Gilles Swierc<br \/>\n<a href=\"mailto:gilles.swierc@free.fr\">gilles.swierc@free.fr<br \/>\n<\/a><a href=\"http:\/\/gilles-swierc.fr\/\">http:\/\/gilles-swierc.fr\/<\/a><\/p>\n<p style=\"text-align: justify;\">\n","protected":false},"excerpt":{"rendered":"<p>LA PREMIERE EDITION DU PRIX \u00ab\u00a0Jaqueline Ollier\u00a0\u00bb DECERNE AUX JEUNES TALENTS PROMETTEURS DE LA COTE D\u2019AZUR REUNIS A MONACO POUR LE TRADITIONNEL CONCERT DE NO\u00cbL D\u2019ARS ANTONINA. \u00a0 La 29e \u00e9dition du traditionnel Concert de No\u00ebl organis\u00e9 par l\u2019Association Ars Antonina en partenariat avec la Direction des Affaires Culturelles du Gouvernement Princier et le D\u00e9partement [&hellip;]<\/p>\n","protected":false},"author":1,"featured_media":0,"parent":0,"menu_order":0,"comment_status":"closed","ping_status":"closed","template":"","meta":{"ngg_post_thumbnail":0},"_links":{"self":[{"href":"https:\/\/www.arsantonina.org\/en\/wp-json\/wp\/v2\/pages\/2589"}],"collection":[{"href":"https:\/\/www.arsantonina.org\/en\/wp-json\/wp\/v2\/pages"}],"about":[{"href":"https:\/\/www.arsantonina.org\/en\/wp-json\/wp\/v2\/types\/page"}],"author":[{"embeddable":true,"href":"https:\/\/www.arsantonina.org\/en\/wp-json\/wp\/v2\/users\/1"}],"replies":[{"embeddable":true,"href":"https:\/\/www.arsantonina.org\/en\/wp-json\/wp\/v2\/comments?post=2589"}],"version-history":[{"count":21,"href":"https:\/\/www.arsantonina.org\/en\/wp-json\/wp\/v2\/pages\/2589\/revisions"}],"predecessor-version":[{"id":2617,"href":"https:\/\/www.arsantonina.org\/en\/wp-json\/wp\/v2\/pages\/2589\/revisions\/2617"}],"wp:attachment":[{"href":"https:\/\/www.arsantonina.org\/en\/wp-json\/wp\/v2\/media?parent=2589"}],"curies":[{"name":"wp","href":"https:\/\/api.w.org\/{rel}","templated":true}]}}