{"id":2573,"date":"2018-02-05T10:52:48","date_gmt":"2018-02-05T10:52:48","guid":{"rendered":"http:\/\/www.arsantonina.org\/?page_id=2573"},"modified":"2018-02-05T11:10:09","modified_gmt":"2018-02-05T11:10:09","slug":"alim-beisembayev-en-recital","status":"publish","type":"page","link":"https:\/\/www.arsantonina.org\/en\/alim-beisembayev-en-recital\/","title":{"rendered":"Alim Beisembayev en r\u00e9cital \u00e0 Monaco"},"content":{"rendered":"<p>&nbsp;<\/p>\n<p style=\"text-align: center;\"><strong>TRIOMPHE DU PIANISTE KAZAKH ALIM BEISEMBAYEV<\/strong><\/p>\n<p><img decoding=\"async\" loading=\"lazy\" class=\" wp-image-2574 alignleft\" src=\"http:\/\/www.arsantonina.org\/wp-content\/uploads\/Photo-compte-rendu.jpg\" alt=\"\" width=\"482\" height=\"329\" srcset=\"https:\/\/www.arsantonina.org\/wp-content\/uploads\/Photo-compte-rendu.jpg 500w, https:\/\/www.arsantonina.org\/wp-content\/uploads\/Photo-compte-rendu-300x205.jpg 300w, https:\/\/www.arsantonina.org\/wp-content\/uploads\/Photo-compte-rendu-440x300.jpg 440w\" sizes=\"(max-width: 482px) 100vw, 482px\" \/><\/p>\n<p style=\"text-align: justify;\">L\u2019Association Ars Antonina, en partenariat avec la Direction des Affaires Culturelles de la Principaut\u00e9 de Monaco, a pr\u00e9sent\u00e9 pour la toute premi\u00e8re fois \u00e0 Monaco au Th\u00e9\u00e2tre des Vari\u00e9t\u00e9s un r\u00e9cital du pianiste kazakh Alim Beisembayev, \u00e2g\u00e9 seulement de 19 ans.<\/p>\n<p style=\"text-align: justify;\">D\u00e9j\u00e0 laur\u00e9at, avec un premier prix, du prestigieux concours Van Cliburn Junior aux Etats-Unis, ce jeune et brillant pianiste a offert un prodigieux concert devant une salle totalement conquise par son talent.<\/p>\n<p style=\"text-align: justify;\">D\u00e8s les <em>Sonates<\/em> en la majeur et en si mineur de D. Scarlatti, le perl\u00e9 du doigt\u00e9 et la limpidit\u00e9 du jeu s\u2019affirmaient.<\/p>\n<p style=\"text-align: justify;\">Les deux <em>Nocturnes<\/em> <em>opus 27 n\u00b0 1 et n\u00b0 2<\/em> de Chopin qui suivirent d\u00e9montr\u00e8rent la sensibilit\u00e9 \u00e9vidente de l\u2019artiste cependant que la <em>Sonate n\u00b0 23<\/em>\u00a0de Beethoven \u00e9tait enlev\u00e9e avec une force \u00e9tonnante de maturit\u00e9.<\/p>\n<p style=\"text-align: justify;\">En seconde partie, deux <em>Miroirs<\/em>\u00a0de Ravel t\u00e9moignaient de l\u2019extr\u00eame subtilit\u00e9 de jeu du jeune prodige, particuli\u00e8rement nostalgique dans <em>Oiseaux tristes<\/em>\u00a0et virtuose dans <em>Une barque sur l\u2019oc\u00e9an<\/em>.<\/p>\n<p style=\"text-align: justify;\">Les redoutables <em>Etudes symphoniques<\/em> de Schumann achevaient de prouver l\u2019extraordinaire ma\u00eetrise toute de tendresse et de fougue \u00e0 la fois du pianiste.<\/p>\n<p style=\"text-align: justify;\">Peu avare de son talent et devant l\u2019ovation que lui r\u00e9servait le public, Alim Beisembayev donnait deux bis d\u2019une profondeur et d\u2019une virtuosit\u00e9 confondantes\u00a0: le tendre <em>Pr\u00e9lude opus 32 n\u00b0 5\u00a0<\/em>de Rachmaninov et le virtuose 3<sup>e<\/sup> mouvement\u00a0de <em>la Sonate n\u00b0 7 opus 83<\/em>\u00a0de Prokofiev.<\/p>\n<p style=\"text-align: justify;\">Nul doute qu\u2019Alim Beisembayev qui se produit d\u00e9j\u00e0 avec les orchestres de renomm\u00e9 en Russie et en Angleterre soit promis \u00e0 une brillante carri\u00e8re internationale.<\/p>\n<p style=\"text-align: right;\">Alain Fourchotte<\/p>\n<p style=\"text-align: center;\"><strong>Voici un extrait de son second bis :\u00a0S.Prokofiev, sonate pour piano n\u00b07, opus 83 &#8211; III.Precipitato<\/strong><\/p>\n<p style=\"text-align: center;\"><iframe  id=\"_ytid_41157\"  width=\"480\" height=\"270\"  data-origwidth=\"480\" data-origheight=\"270\" src=\"https:\/\/www.youtube.com\/embed\/jk_NLTOZbcw?enablejsapi=1&autoplay=0&cc_load_policy=0&cc_lang_pref=&iv_load_policy=1&loop=0&modestbranding=0&rel=1&fs=1&playsinline=0&autohide=2&theme=dark&color=red&controls=1&\" class=\"__youtube_prefs__  no-lazyload\" title=\"YouTube player\"  allow=\"accelerometer; autoplay; clipboard-write; encrypted-media; gyroscope; picture-in-picture\" allowfullscreen data-no-lazy=\"1\" data-skipgform_ajax_framebjll=\"\"><\/iframe><\/p>\n<p>&nbsp;<\/p>\n","protected":false},"excerpt":{"rendered":"<p>&nbsp; TRIOMPHE DU PIANISTE KAZAKH ALIM BEISEMBAYEV L\u2019Association Ars Antonina, en partenariat avec la Direction des Affaires Culturelles de la Principaut\u00e9 de Monaco, a pr\u00e9sent\u00e9 pour la toute premi\u00e8re fois \u00e0 Monaco au Th\u00e9\u00e2tre des Vari\u00e9t\u00e9s un r\u00e9cital du pianiste kazakh Alim Beisembayev, \u00e2g\u00e9 seulement de 19 ans. D\u00e9j\u00e0 laur\u00e9at, avec un premier prix, du [&hellip;]<\/p>\n","protected":false},"author":1,"featured_media":0,"parent":0,"menu_order":0,"comment_status":"closed","ping_status":"closed","template":"","meta":{"ngg_post_thumbnail":0},"_links":{"self":[{"href":"https:\/\/www.arsantonina.org\/en\/wp-json\/wp\/v2\/pages\/2573"}],"collection":[{"href":"https:\/\/www.arsantonina.org\/en\/wp-json\/wp\/v2\/pages"}],"about":[{"href":"https:\/\/www.arsantonina.org\/en\/wp-json\/wp\/v2\/types\/page"}],"author":[{"embeddable":true,"href":"https:\/\/www.arsantonina.org\/en\/wp-json\/wp\/v2\/users\/1"}],"replies":[{"embeddable":true,"href":"https:\/\/www.arsantonina.org\/en\/wp-json\/wp\/v2\/comments?post=2573"}],"version-history":[{"count":11,"href":"https:\/\/www.arsantonina.org\/en\/wp-json\/wp\/v2\/pages\/2573\/revisions"}],"predecessor-version":[{"id":2588,"href":"https:\/\/www.arsantonina.org\/en\/wp-json\/wp\/v2\/pages\/2573\/revisions\/2588"}],"wp:attachment":[{"href":"https:\/\/www.arsantonina.org\/en\/wp-json\/wp\/v2\/media?parent=2573"}],"curies":[{"name":"wp","href":"https:\/\/api.w.org\/{rel}","templated":true}]}}