{"id":1658,"date":"2017-10-13T07:50:55","date_gmt":"2017-10-13T07:50:55","guid":{"rendered":"http:\/\/www.arsantonina.org\/?page_id=1658"},"modified":"2018-02-05T11:31:01","modified_gmt":"2018-02-05T11:31:01","slug":"succes-triomphal-dmitry-masleev","status":"publish","type":"page","link":"https:\/\/www.arsantonina.org\/en\/succes-triomphal-dmitry-masleev\/","title":{"rendered":"Succ\u00e8s de Dmitry Masleev"},"content":{"rendered":"<p style=\"text-align: justify;\"><img decoding=\"async\" loading=\"lazy\" class=\"alignleft wp-image-1660\" src=\"http:\/\/www.arsantonina.org\/wp-content\/uploads\/Photo-presse01-1024x683.jpg\" alt=\"\" width=\"394\" height=\"263\" srcset=\"https:\/\/www.arsantonina.org\/wp-content\/uploads\/Photo-presse01-1024x683.jpg 1024w, https:\/\/www.arsantonina.org\/wp-content\/uploads\/Photo-presse01-600x400.jpg 600w, https:\/\/www.arsantonina.org\/wp-content\/uploads\/Photo-presse01-450x300.jpg 450w, https:\/\/www.arsantonina.org\/wp-content\/uploads\/Photo-presse01-300x200.jpg 300w, https:\/\/www.arsantonina.org\/wp-content\/uploads\/Photo-presse01-768x512.jpg 768w\" sizes=\"(max-width: 394px) 100vw, 394px\" \/><strong>Laur\u00e9at premier prix du prestigieux Concours Tcha\u00efkovsky de Moscou et d\u00e9crit par le grand Boris Ber\u00ebzovski lui-m\u00eame, comme \u00ab une d\u00e9couverte et un pianiste exceptionnel \u00bb, le jeune et brillant pianiste russe Dmitry Masleev a donn\u00e9 pour la toute premi\u00e8re fois en Principaut\u00e9 de Monaco un prodigieux r\u00e9cital au Th\u00e9\u00e2tre des Vari\u00e9t\u00e9s, devant une salle comble, \u00e0 l\u2019initiative de l\u2019Association Ars Antonina.<\/strong><\/p>\n<p style=\"text-align: justify;\"><strong>Cette manifestation \u00e9tait plac\u00e9e sous le Haut Patronage de l\u2019Ambassadeur de Russie en France et \u00e0 Monaco, Son Excellence Mr Alexandre Orlov et en pr\u00e9sence de Mr Patric Cellario, Ministre de l\u2019Int\u00e9rieur au Gouvernement Princier de Monaco.<\/strong><\/p>\n<p style=\"text-align: justify;\">D\u00e8s la <em>Sonate n\u00b058<\/em> de Joseph Haydn, la rigueur infaillible de l\u2019\u00e9cole russe doubl\u00e9e d\u2019un style classique raffin\u00e9 et pointilliste, se r\u00e9v\u00e9la.<\/p>\n<p style=\"text-align: justify;\">Dans <em>Les Quatre Impromptus<\/em> de Schubert qui suivirent, une palette riche, limpide et vari\u00e9e de\u00a0timbres, ainsi qu\u2019une d\u00e9licatesse de toucher, apparaissaient dans son jeu d&#8217;une\u00a0virtuosit\u00e9 \u00e0 couper le souffle.<\/p>\n<p style=\"text-align: justify;\">En seconde partie, les <em>Dix-huit pi\u00e8ces<\/em>, opus 72 de Tcha\u00efkovsky, la derni\u00e8re \u0153uvre \u00e9crite\u00a0pour piano seul du grand compositeur russe,\u00a0confirmaient cet \u00e9tat de gr\u00e2ce.\u00a0Dmitry Masleev a\u00a0une technique \u00e9poustouflante, mais il est avant tout un musicien inspir\u00e9 qui arrive \u00e0 \u00e9veiller toutes les \u00e9motions.<\/p>\n<p style=\"text-align: justify;\">Devant l\u2019ovation que lui r\u00e9servait le public,\u00a0Dmitry Masleev,\u00a0peu avare de son talent,\u00a0donnait trois bis : <em>L\u2019El\u00e9gie<\/em>, opus 3, de Serge Rachmaninov, le deuxi\u00e8me mouvement de la <em>Sonate n\u00b0 2<\/em> de Serge Prokofiev et la <em>Sonate<\/em> en r\u00e9 mineur (dite <em>Aria<\/em>) de Scarlatti qui emporta d\u00e9finitivement l\u2019enthousiasme d\u2019un auditoire qui l\u2019acclama debout.<\/p>\n<p style=\"text-align: justify;\">Dmitry Masleev est un artiste accompli qui compte d\u2019ores et d\u00e9j\u00e0 parmi les grands de sa g\u00e9n\u00e9ration. Nul doute qu&#8217;il est promis \u00e0 une tr\u00e8s grande carri\u00e8re internationale.<\/p>\n<p style=\"text-align: justify;\"><strong>Voici le reportage que <a href=\"http:\/\/www.monacochannel.mc\/\">Monaco info<\/a> a r\u00e9alis\u00e9 le jour de l&#8217;\u00e9v\u00e9nement.<\/strong><\/p>\n<p><iframe loading=\"lazy\" style=\"border: none; overflow: hidden;\" src=\"https:\/\/www.facebook.com\/plugins\/video.php?href=https%3A%2F%2Fwww.facebook.com%2Farsantonina06%2Fvideos%2F1838745186437198%2F&#038;show_text=0&#038;width=560\" width=\"700\" height=\"394\" frameborder=\"0\" scrolling=\"no\" align=\"center\" allowfullscreen=\"allowfullscreen\"><\/iframe><\/p>\n<p>&nbsp;<\/p>\n<p style=\"text-align: right;\"><strong>C.S. <\/strong><\/p>\n<p style=\"text-align: center;\"><a href=\"http:\/\/www.arsantonina.org\/\"><< Retour \u00e0 l'accueil<\/a><\/p>\n","protected":false},"excerpt":{"rendered":"<p>Laur\u00e9at premier prix du prestigieux Concours Tcha\u00efkovsky de Moscou et d\u00e9crit par le grand Boris Ber\u00ebzovski lui-m\u00eame, comme \u00ab une d\u00e9couverte et un pianiste exceptionnel \u00bb, le jeune et brillant pianiste russe Dmitry Masleev a donn\u00e9 pour la toute premi\u00e8re fois en Principaut\u00e9 de Monaco un prodigieux r\u00e9cital au Th\u00e9\u00e2tre des Vari\u00e9t\u00e9s, devant une salle [&hellip;]<\/p>\n","protected":false},"author":1,"featured_media":0,"parent":0,"menu_order":0,"comment_status":"closed","ping_status":"closed","template":"","meta":{"ngg_post_thumbnail":0},"_links":{"self":[{"href":"https:\/\/www.arsantonina.org\/en\/wp-json\/wp\/v2\/pages\/1658"}],"collection":[{"href":"https:\/\/www.arsantonina.org\/en\/wp-json\/wp\/v2\/pages"}],"about":[{"href":"https:\/\/www.arsantonina.org\/en\/wp-json\/wp\/v2\/types\/page"}],"author":[{"embeddable":true,"href":"https:\/\/www.arsantonina.org\/en\/wp-json\/wp\/v2\/users\/1"}],"replies":[{"embeddable":true,"href":"https:\/\/www.arsantonina.org\/en\/wp-json\/wp\/v2\/comments?post=1658"}],"version-history":[{"count":9,"href":"https:\/\/www.arsantonina.org\/en\/wp-json\/wp\/v2\/pages\/1658\/revisions"}],"predecessor-version":[{"id":2598,"href":"https:\/\/www.arsantonina.org\/en\/wp-json\/wp\/v2\/pages\/1658\/revisions\/2598"}],"wp:attachment":[{"href":"https:\/\/www.arsantonina.org\/en\/wp-json\/wp\/v2\/media?parent=1658"}],"curies":[{"name":"wp","href":"https:\/\/api.w.org\/{rel}","templated":true}]}}