{"id":1469,"date":"2017-09-04T12:58:01","date_gmt":"2017-09-04T12:58:01","guid":{"rendered":"http:\/\/www.arsantonina.org\/?page_id=1469"},"modified":"2018-03-06T12:52:33","modified_gmt":"2018-03-06T12:52:33","slug":"biographie-de-dmitry-masleev","status":"publish","type":"page","link":"https:\/\/www.arsantonina.org\/en\/biographies\/biographie-de-dmitry-masleev\/","title":{"rendered":"Biographie de Dmitry Masleev"},"content":{"rendered":"<p><img decoding=\"async\" loading=\"lazy\" class=\"alignleft size-full wp-image-1471\" src=\"http:\/\/www.arsantonina.org\/wp-content\/uploads\/dmitry-une2.png\" alt=\"\" width=\"223\" height=\"300\" \/>Vainqueur triomphal du XVe Concours international Tcha\u00efkovski (2015), Dmitry Masleev remporte le premier prix et la reconnaissance internationale du public, du jury et des m\u00e9dias. Le Neue Musikzeitung a \u00e9crit : \u00ab Sa musicalit\u00e9 aux proportions m\u00e9taphysiques a transform\u00e9 le public. On avait l\u2019impression de p\u00e9n\u00e9trer dans une r\u00e9alit\u00e9 alternative. Une sensation qui s\u2019est poursuivie lors du Concerto pour piano en si mineur de Tcha\u00efkovski et du Concerto pour piano n\u00b0 3 de Prokofiev. La joie et la satisfaction sur le visage des jur\u00e9s ne laissaient place \u00e0 aucun doute : le vainqueur \u00e9tait tout trouv\u00e9.<\/p>\n<p>Depuis, Dmitry Masleev est parti en tourn\u00e9e, charmant le public de New York, Londres, Munich, Rotterdam, Stockholm, P\u00e9kin et toute la Russie avec ce que le Financial Times appelle une \u00ab brillance virtuose \u00bb. Il a eu l\u2019honneur d\u2019\u00eatre invit\u00e9 par le maestro Valery Gergiev \u00e0 interpr\u00e9ter le Concerto de Mozart en r\u00e9 mineur et le Concerto n\u00b0 3 de Prokofiev avec l\u2019Orchestre du Th\u00e9\u00e2tre Mariinsky de Saint-P\u00e9tersbourg pendant la saison des f\u00eates. Les mois prochains, Dmitry Masleev se produira au Klavier-Festival Ruhr et ouvrira le Festival d\u2019Istanbul. Il partira ensuite en tourn\u00e9e en Allemagne avec l\u2019Orchestre national philharmonique de Russie et lemaestro Vladimir Spivakov puis donnera plusieurs concerts \u00e0 Berlin, Paris, Londres, Rome, Milan, Bologne, Bruxelles, P\u00e9kin, Tokyo, S\u00e9oul, S\u00e3o Paulo, Moscou et New York.<\/p>\n<p>Une d\u00e9couverte et un pianiste exceptionnel : c\u2019est avec ces mots que le d\u00e9crit son coll\u00e8gue Boris Berezovsky. Il ajoute : \u00ab Je suis sinc\u00e8rement ravi du succ\u00e8s qu\u2019il rencontre, et qu\u2019il m\u00e9rite incontestablement. \u00bb Outre la m\u00e9daille d\u2019or, le jury du Concours international Tcha\u00efkovski lui a d\u00e9cern\u00e9 un prix sp\u00e9cial pour son interpr\u00e9tation d&#8217;un concerto de Mozart. Selon le Neva Time, \u00ab la d\u00e9cision du jury a \u00e9t\u00e9 prise \u00e0 l\u2019unanimit\u00e9. Une d\u00e9cision on ne peut plus juste et m\u00e9rit\u00e9e. \u00bb<\/p>\n<p>Pour d\u00e9crire la personnalit\u00e9 cr\u00e9ative de Dmitry Masleev, les critiques mettent en avant sa technique impeccable, son sens de la forme, sa virtuosit\u00e9, son lyrisme et son style plein de spontan\u00e9it\u00e9.<\/p>\n<p>N\u00e9 \u00e0 Ulan-Ude, une ville sib\u00e9rienne situ\u00e9e entre le lac Ba\u00efkal et la fronti\u00e8re mongolienne, Dmitry Masleev a \u00e9t\u00e9 form\u00e9 au Conservatoire de Moscou (dans la classe du professeur Mikhail Petukhov) et \u00e0 l\u2019Acad\u00e9mie internationale de piano du lac de C\u00f4me. Pendant ses \u00e9tudes, il a remport\u00e9 de nombreux concours internationaux, ce qui lui a permis d\u2019\u00eatre invit\u00e9 \u00e0 partir en tourn\u00e9e en Allemagne, en Italie, en France, en Roumanie et en Russie.<\/p>\n","protected":false},"excerpt":{"rendered":"<p>Vainqueur triomphal du XVe Concours international Tcha\u00efkovski (2015), Dmitry Masleev remporte le premier prix et la reconnaissance internationale du public, du jury et des m\u00e9dias. Le Neue Musikzeitung a \u00e9crit : \u00ab Sa musicalit\u00e9 aux proportions m\u00e9taphysiques a transform\u00e9 le public. On avait l\u2019impression de p\u00e9n\u00e9trer dans une r\u00e9alit\u00e9 alternative. Une sensation qui s\u2019est poursuivie [&hellip;]<\/p>\n","protected":false},"author":1,"featured_media":1470,"parent":1136,"menu_order":0,"comment_status":"closed","ping_status":"closed","template":"","meta":{"ngg_post_thumbnail":0},"_links":{"self":[{"href":"https:\/\/www.arsantonina.org\/en\/wp-json\/wp\/v2\/pages\/1469"}],"collection":[{"href":"https:\/\/www.arsantonina.org\/en\/wp-json\/wp\/v2\/pages"}],"about":[{"href":"https:\/\/www.arsantonina.org\/en\/wp-json\/wp\/v2\/types\/page"}],"author":[{"embeddable":true,"href":"https:\/\/www.arsantonina.org\/en\/wp-json\/wp\/v2\/users\/1"}],"replies":[{"embeddable":true,"href":"https:\/\/www.arsantonina.org\/en\/wp-json\/wp\/v2\/comments?post=1469"}],"version-history":[{"count":2,"href":"https:\/\/www.arsantonina.org\/en\/wp-json\/wp\/v2\/pages\/1469\/revisions"}],"predecessor-version":[{"id":2654,"href":"https:\/\/www.arsantonina.org\/en\/wp-json\/wp\/v2\/pages\/1469\/revisions\/2654"}],"up":[{"embeddable":true,"href":"https:\/\/www.arsantonina.org\/en\/wp-json\/wp\/v2\/pages\/1136"}],"wp:featuredmedia":[{"embeddable":true,"href":"https:\/\/www.arsantonina.org\/en\/wp-json\/wp\/v2\/media\/1470"}],"wp:attachment":[{"href":"https:\/\/www.arsantonina.org\/en\/wp-json\/wp\/v2\/media?parent=1469"}],"curies":[{"name":"wp","href":"https:\/\/api.w.org\/{rel}","templated":true}]}}