{"id":1411,"date":"2017-05-05T11:34:32","date_gmt":"2017-05-05T11:34:32","guid":{"rendered":"http:\/\/www.arsantonina.org\/?page_id=1411"},"modified":"2017-05-05T12:16:06","modified_gmt":"2017-05-05T12:16:06","slug":"brillant-recital-anna-tsybuleva","status":"publish","type":"page","link":"https:\/\/www.arsantonina.org\/en\/brillant-recital-anna-tsybuleva\/","title":{"rendered":"Brillant r\u00e9cital d&#8217;Anna Tsybuleva"},"content":{"rendered":"<p style=\"text-align: justify;\"><img decoding=\"async\" loading=\"lazy\" class=\" wp-image-1412 alignleft\" src=\"http:\/\/www.arsantonina.org\/wp-content\/uploads\/anna-tsybuleva-presse.jpg\" alt=\"\" width=\"359\" height=\"460\" srcset=\"https:\/\/www.arsantonina.org\/wp-content\/uploads\/anna-tsybuleva-presse.jpg 594w, https:\/\/www.arsantonina.org\/wp-content\/uploads\/anna-tsybuleva-presse-234x300.jpg 234w\" sizes=\"(max-width: 359px) 100vw, 359px\" \/><\/p>\n<p style=\"text-align: justify;\"><strong>L&#8217;Association Ars Antonina en partenariat avec la direction des Affaires culturelles, \u00e0 propos\u00e9 au Th\u00e9\u00e2tre des Vari\u00e9t\u00e9s un concert de la pianiste Anna Tsybuleva qui a enthousiasm\u00e9 le public.<\/strong><\/p>\n<p style=\"text-align: justify;\">Cette jeune artiste n\u00e9e en 1991 a cr\u00e9\u00e9 l&#8217;\u00e9v\u00e9nement en 2015 en remportant le Premier Prix du r\u00e9put\u00e9 Concours International de piano de Leeds. Son premier CD, consacr\u00e9 \u00e0 Beethoven, Schubert et Brahms, a d&#8217;ailleurs \u00e9t\u00e9 chaleureusement salu\u00e9 par la critique internationale.<\/p>\n<p style=\"text-align: justify;\">D\u00e8s les sonates de Scarlatti, elle a fait preuve d&#8217;une d\u00e9licatesse de toucher et d&#8217;une vari\u00e9t\u00e9 dans la palette des timbres. La tr\u00e8s difficile <em>Fantaisie Wanderer\u00a0<\/em>de Schubert r\u00e9v\u00e9lait la virtuosit\u00e9 \u00e9blouissante et la robustesse dans faille de son jeu, de m\u00eame que les Etudes symphoniques de Schumann confirmaient cet alliage si rare entre pl\u00e9nitude du style.<\/p>\n<p style=\"text-align: justify;\">Le public sait gr\u00e9 \u00e0 la pianiste lui avoir offert des <em>Pr\u00e9ludes et une Isle Joyeuse de Debussy d&#8217;un raffinement plein de clart\u00e9 analytique et de la\u00a0sensibilit\u00e9\u00a0\u00e0 fleur de peau.<\/em><\/p>\n<p style=\"text-align: justify;\">Les deux bis : l&#8217;Etude <em>la Legerezza<\/em> de Liszt et <em>la Valse<\/em> de Chopin mettaient le public litt\u00e9ralement debout.<\/p>\n<p style=\"text-align: justify;\">Anna Tsybuleva est une artiste accomplie qui compte d&#8217;ores et d\u00e9j\u00e0 parmi les grandes de sa g\u00e9n\u00e9ration et qu&#8217;on souhaiterait entendre en tant que soliste avec l&#8217;Orchestre Philharmonique de Monte-Carlo dans les meilleurs d\u00e9lais.<\/p>\n<p style=\"text-align: justify;\">Nul doute que les qualit\u00e9s hors du commun de cette jeune pianiste d\u00e9j\u00e0 renomm\u00e9e lui permettent d&#8217;accomplir une immense carri\u00e8re internationale.<\/p>\n<p style=\"text-align: right;\">Monaco Matin\u00a0&#8211; 28\u00a0avril\u00a02017.<\/p>\n<p style=\"text-align: center;\"><a href=\"http:\/\/www.arsantonina.org\/\"><< Retour \u00e0 l'accueil<\/a><\/p>\n","protected":false},"excerpt":{"rendered":"<p>L&#8217;Association Ars Antonina en partenariat avec la direction des Affaires culturelles, \u00e0 propos\u00e9 au Th\u00e9\u00e2tre des Vari\u00e9t\u00e9s un concert de la pianiste Anna Tsybuleva qui a enthousiasm\u00e9 le public. Cette jeune artiste n\u00e9e en 1991 a cr\u00e9\u00e9 l&#8217;\u00e9v\u00e9nement en 2015 en remportant le Premier Prix du r\u00e9put\u00e9 Concours International de piano de Leeds. Son premier [&hellip;]<\/p>\n","protected":false},"author":1,"featured_media":0,"parent":0,"menu_order":0,"comment_status":"closed","ping_status":"closed","template":"","meta":{"ngg_post_thumbnail":0},"_links":{"self":[{"href":"https:\/\/www.arsantonina.org\/en\/wp-json\/wp\/v2\/pages\/1411"}],"collection":[{"href":"https:\/\/www.arsantonina.org\/en\/wp-json\/wp\/v2\/pages"}],"about":[{"href":"https:\/\/www.arsantonina.org\/en\/wp-json\/wp\/v2\/types\/page"}],"author":[{"embeddable":true,"href":"https:\/\/www.arsantonina.org\/en\/wp-json\/wp\/v2\/users\/1"}],"replies":[{"embeddable":true,"href":"https:\/\/www.arsantonina.org\/en\/wp-json\/wp\/v2\/comments?post=1411"}],"version-history":[{"count":2,"href":"https:\/\/www.arsantonina.org\/en\/wp-json\/wp\/v2\/pages\/1411\/revisions"}],"predecessor-version":[{"id":1416,"href":"https:\/\/www.arsantonina.org\/en\/wp-json\/wp\/v2\/pages\/1411\/revisions\/1416"}],"wp:attachment":[{"href":"https:\/\/www.arsantonina.org\/en\/wp-json\/wp\/v2\/media?parent=1411"}],"curies":[{"name":"wp","href":"https:\/\/api.w.org\/{rel}","templated":true}]}}