{"id":1247,"date":"2017-04-04T11:41:48","date_gmt":"2017-04-04T11:41:48","guid":{"rendered":"http:\/\/www.arsantonina.org\/?page_id=1247"},"modified":"2017-05-12T11:43:55","modified_gmt":"2017-05-12T11:43:55","slug":"inscription","status":"publish","type":"page","link":"https:\/\/www.arsantonina.org\/en\/inscription\/","title":{"rendered":"Inscription"},"content":{"rendered":"\n<div class=\"um um-register um-1246\">\n\n\t<div class=\"um-form\" data-mode=\"register\">\n\n\t\t<form method=\"post\" action=\"\">\n\n\t\t\t<div class=\"um-row _um_row_1 \" style=\"margin: 0 0 30px 0;\"><div class=\"um-col-1\"><div  id=\"um_field_1246_user_login\" class=\"um-field um-field-text  um-field-user_login um-field-text um-field-type_text\" data-key=\"user_login\"><div class=\"um-field-label\"><label for=\"user_login-1246\">Nom d'utilisateur<\/label><div class=\"um-clear\"><\/div><\/div><div class=\"um-field-area\"><input  autocomplete=\"off\" class=\"um-form-field valid \" type=\"text\" name=\"user_login-1246\" id=\"user_login-1246\" value=\"\" placeholder=\"Obligatoire\" data-validate=\"unique_username\" data-key=\"user_login\" \/>\n\n\t\t\t\t\t\t<\/div><\/div><div  id=\"um_field_1246_last_name\" class=\"um-field um-field-text  um-field-last_name um-field-text um-field-type_text\" data-key=\"last_name\"><div class=\"um-field-label\"><label for=\"last_name-1246\">Nom<\/label><div class=\"um-clear\"><\/div><\/div><div class=\"um-field-area\"><input  autocomplete=\"off\" class=\"um-form-field valid \" type=\"text\" name=\"last_name-1246\" id=\"last_name-1246\" value=\"\" placeholder=\"Obligatoire\" data-validate=\"\" data-key=\"last_name\" \/>\n\n\t\t\t\t\t\t<\/div><\/div><div  id=\"um_field_1246_first_name\" class=\"um-field um-field-text  um-field-first_name um-field-text um-field-type_text\" data-key=\"first_name\"><div class=\"um-field-label\"><label for=\"first_name-1246\">Pr\u00e9nom<\/label><div class=\"um-clear\"><\/div><\/div><div class=\"um-field-area\"><input  autocomplete=\"off\" class=\"um-form-field valid \" type=\"text\" name=\"first_name-1246\" id=\"first_name-1246\" value=\"\" placeholder=\"Obligatoire\" data-validate=\"\" data-key=\"first_name\" \/>\n\n\t\t\t\t\t\t<\/div><\/div><div  id=\"um_field_1246_user_email\" class=\"um-field um-field-text  um-field-user_email um-field-text um-field-type_text\" data-key=\"user_email\"><div class=\"um-field-label\"><label for=\"user_email-1246\">Adresse e-mail<\/label><div class=\"um-clear\"><\/div><\/div><div class=\"um-field-area\"><input  autocomplete=\"off\" class=\"um-form-field valid \" type=\"text\" name=\"user_email-1246\" id=\"user_email-1246\" value=\"\" placeholder=\"Obligatoire\" data-validate=\"unique_email\" data-key=\"user_email\" \/>\n\n\t\t\t\t\t\t<\/div><\/div><div  id=\"um_field_1246_Adresse-postale\" class=\"um-field um-field-text  um-field-Adresse-postale um-field-text um-field-type_text\" data-key=\"Adresse-postale\"><div class=\"um-field-label\"><label for=\"Adresse-postale-1246\">Adresse postale<\/label><div class=\"um-clear\"><\/div><\/div><div class=\"um-field-area\"><input  autocomplete=\"off\" class=\"um-form-field valid \" type=\"text\" name=\"Adresse-postale-1246\" id=\"Adresse-postale-1246\" value=\"\" placeholder=\"\" data-validate=\"\" data-key=\"Adresse-postale\" \/>\n\n\t\t\t\t\t\t<\/div><\/div><div  id=\"um_field_1246_Adresse-postale_11\" class=\"um-field um-field-text  um-field-Adresse-postale_11 um-field-text um-field-type_text\" data-key=\"Adresse-postale_11\"><div class=\"um-field-label\"><label for=\"Adresse-postale_11-1246\">Code postal<\/label><div class=\"um-clear\"><\/div><\/div><div class=\"um-field-area\"><input  autocomplete=\"off\" class=\"um-form-field valid \" type=\"text\" name=\"Adresse-postale_11-1246\" id=\"Adresse-postale_11-1246\" value=\"\" placeholder=\"\" data-validate=\"\" data-key=\"Adresse-postale_11\" \/>\n\n\t\t\t\t\t\t<\/div><\/div><div  id=\"um_field_1246_mobile_number\" class=\"um-field um-field-tel  um-field-mobile_number um-field-tel um-field-type_tel\" data-key=\"mobile_number\"><div class=\"um-field-label\"><div class=\"um-field-label-icon\"><i class=\"um-faicon-mobile\" aria-label=\"Num\u00e9ro de mobile\"><\/i><\/div><label for=\"mobile_number-1246\">Num\u00e9ro de mobile<\/label><div class=\"um-clear\"><\/div><\/div><div class=\"um-field-area\"><input  autocomplete=\"off\" class=\"um-form-field valid \" type=\"tel\" name=\"mobile_number-1246\" id=\"mobile_number-1246\" value=\"\" placeholder=\"Obligatoire\" data-validate=\"phone_number\" data-key=\"mobile_number\" \/>\n\n\t\t\t\t\t\t<\/div><\/div><div  id=\"um_field_1246_phone_number\" class=\"um-field um-field-tel  um-field-phone_number um-field-tel um-field-type_tel\" data-key=\"phone_number\"><div class=\"um-field-label\"><div class=\"um-field-label-icon\"><i class=\"um-faicon-phone\" aria-label=\"Num\u00e9ro de t\u00e9l\u00e9phone\"><\/i><\/div><label for=\"phone_number-1246\">Num\u00e9ro de t\u00e9l\u00e9phone<\/label><div class=\"um-clear\"><\/div><\/div><div class=\"um-field-area\"><input  autocomplete=\"off\" class=\"um-form-field valid \" type=\"tel\" name=\"phone_number-1246\" id=\"phone_number-1246\" value=\"\" placeholder=\"\" data-validate=\"phone_number\" data-key=\"phone_number\" \/>\n\n\t\t\t\t\t\t<\/div><\/div><div  id=\"um_field_1246_facebook\" class=\"um-field um-field-url  um-field-facebook um-field-url um-field-type_url\" data-key=\"facebook\"><div class=\"um-field-label\"><div class=\"um-field-label-icon\"><i class=\"um-faicon-facebook\" aria-label=\"Facebook\"><\/i><\/div><label for=\"facebook-1246\">Facebook<\/label><div class=\"um-clear\"><\/div><\/div><div class=\"um-field-area\"><input    class=\"um-form-field valid \" type=\"text\" name=\"facebook-1246\" id=\"facebook-1246\" value=\"\" placeholder=\"\" data-validate=\"facebook_url\" data-key=\"facebook\" \/>\n\n\t\t\t\t\t\t<\/div><\/div><div  id=\"um_field_1246_user_password\" class=\"um-field um-field-password  um-field-user_password um-field-password um-field-type_password\" data-key=\"user_password\"><div class=\"um-field-label\"><label for=\"user_password-1246\">Mot de passe<\/label><div class=\"um-clear\"><\/div><\/div><div class=\"um-field-area\"><input class=\"um-form-field valid \" type=\"password\" name=\"user_password-1246\" id=\"user_password-1246\" value=\"\" placeholder=\"Choisir un mot de passe\" data-validate=\"\" data-key=\"user_password\" \/>\n\n\t\t\t\t\t\t<\/div><\/div><div  id=\"um_field_1246_confirm_user_password\" class=\"um-field um-field-password  um-field-user_password um-field-password um-field-type_password\" data-key=\"confirm_user_password\"><div class=\"um-field-label\"><label for=\"confirm_user_password-1246\">Confirm Mot de passe<\/label><div class=\"um-clear\"><\/div><\/div><div class=\"um-field-area\"><input class=\"um-form-field valid \" type=\"password\" name=\"confirm_user_password-1246\" id=\"confirm_user_password-1246\" value=\"\" placeholder=\"Confirm Mot de passe\" data-validate=\"\" data-key=\"confirm_user_password\" \/><\/div><\/div><\/div><\/div>\t\t<input type=\"hidden\" name=\"form_id\" id=\"form_id_1246\" value=\"1246\" \/>\n\t\n\t<p class=\"um_request_name\">\n\t\t<label for=\"um_request_1246\">Only fill in if you are not human<\/label>\n\t\t<input type=\"hidden\" name=\"um_request\" id=\"um_request_1246\" class=\"input\" value=\"\" size=\"25\" autocomplete=\"off\" \/>\n\t<\/p>\n\n\t<input type=\"hidden\" id=\"_wpnonce\" name=\"_wpnonce\" value=\"34675a06d9\" \/><input type=\"hidden\" name=\"_wp_http_referer\" value=\"\/en\/wp-json\/wp\/v2\/pages\/1247\" \/>\n\t<div class=\"um-col-alt\">\n\n\t\t\n\t\t\t<div class=\"um-left um-half\">\n\t\t\t\t<input type=\"submit\" value=\"Inscription\" class=\"um-button\" id=\"um-submit-btn\" \/>\n\t\t\t<\/div>\n\t\t\t<div class=\"um-right um-half\">\n\t\t\t\t<a href=\"https:\/\/www.arsantonina.org\/en\/inscription\/\" class=\"um-button um-alt\">\n\t\t\t\t\tConnexion\t\t\t\t<\/a>\n\t\t\t<\/div>\n\n\t\t\n\t\t<div class=\"um-clear\"><\/div>\n\n\t<\/div>\n\n\t\n\t\t<\/form>\n\n\t<\/div>\n\n<\/div>\n<style>\n\t\t\t.um-1246.um {\n\t\t\tmax-width: 450px;\n\t\t}\n\t\t<\/style>\n\n","protected":false},"excerpt":{"rendered":"","protected":false},"author":1,"featured_media":1427,"parent":0,"menu_order":0,"comment_status":"closed","ping_status":"closed","template":"","meta":{"ngg_post_thumbnail":0},"_links":{"self":[{"href":"https:\/\/www.arsantonina.org\/en\/wp-json\/wp\/v2\/pages\/1247"}],"collection":[{"href":"https:\/\/www.arsantonina.org\/en\/wp-json\/wp\/v2\/pages"}],"about":[{"href":"https:\/\/www.arsantonina.org\/en\/wp-json\/wp\/v2\/types\/page"}],"author":[{"embeddable":true,"href":"https:\/\/www.arsantonina.org\/en\/wp-json\/wp\/v2\/users\/1"}],"replies":[{"embeddable":true,"href":"https:\/\/www.arsantonina.org\/en\/wp-json\/wp\/v2\/comments?post=1247"}],"version-history":[{"count":1,"href":"https:\/\/www.arsantonina.org\/en\/wp-json\/wp\/v2\/pages\/1247\/revisions"}],"predecessor-version":[{"id":1248,"href":"https:\/\/www.arsantonina.org\/en\/wp-json\/wp\/v2\/pages\/1247\/revisions\/1248"}],"wp:featuredmedia":[{"embeddable":true,"href":"https:\/\/www.arsantonina.org\/en\/wp-json\/wp\/v2\/media\/1427"}],"wp:attachment":[{"href":"https:\/\/www.arsantonina.org\/en\/wp-json\/wp\/v2\/media?parent=1247"}],"curies":[{"name":"wp","href":"https:\/\/api.w.org\/{rel}","templated":true}]}}