{"id":1136,"date":"2017-03-31T11:14:27","date_gmt":"2017-03-31T11:14:27","guid":{"rendered":"http:\/\/www.arsantonina.org\/?page_id=1136"},"modified":"2023-03-09T10:10:13","modified_gmt":"2023-03-09T10:10:13","slug":"biographies","status":"publish","type":"page","link":"https:\/\/www.arsantonina.org\/en\/biographies\/","title":{"rendered":"Archives artistes"},"content":{"rendered":"<h2 style=\"text-align: center;\">Artistes&nbsp;<\/h2>\n<p style=\"text-align: center;\">Cliquez sur les photos des artistes pour acc\u00e9der \u00e0 leur biographie.<\/p>\n<p>&nbsp;<\/p>\n<div align=\"center\">\n\n<div class=\"wk-gallery wk-gallery-wall clearfix round margin \">\n\n\t\t\n\t\t\t\n\t\t\t\t\t<a class=\"\" href=\"http:\/\/www.arsantonina.org\/biographies\/biographie-de-martin-james-bartlett\/\"  data-spotlight=\"effect:bottom\"><img src=\"\/wp-content\/plugins\/widgetkit\/cache\/gallery\/1145\/bartlett-bio-cc8542962f.jpg\" width=\"157\" height=\"211\" alt=\"bartlett-bio\" \/><div class=\"overlay\">Martin James Bartlett<\/div><\/a>\n\t\t\t\t\n\t\t\n\t\t\t\n\t\t\t\t\t<a class=\"\" href=\"http:\/\/www.arsantonina.org\/biographies\/biographie-michael-petrov\/\"  data-spotlight=\"effect:bottom\"><img src=\"\/wp-content\/plugins\/widgetkit\/cache\/gallery\/1145\/petrov-bio2-f8921aed9e.jpg\" width=\"157\" height=\"211\" alt=\"petrov-bio2\" \/><div class=\"overlay\">Michael Petrov<\/div><\/a>\n\t\t\t\t\n\t\t\n\t\t\t\n\t\t\t\t\t<a class=\"\" href=\"http:\/\/www.arsantonina.org\/biographies\/biographie-sergei-redkin\/\"  data-spotlight=\"effect:bottom\"><img src=\"\/wp-content\/plugins\/widgetkit\/cache\/gallery\/1145\/redkin-bio-1-254613cb63.jpg\" width=\"157\" height=\"211\" alt=\"redkin-bio-1\" \/><div class=\"overlay\">Sergei Redkin<\/div><\/a>\n\t\t\t\t\n\t\t\n\t\t\t\n\t\t\t\t\t<a class=\"\" href=\"http:\/\/www.arsantonina.org\/biographies\/biographie-anna-tsybuleva\/\"  data-spotlight=\"effect:bottom\"><img src=\"\/wp-content\/plugins\/widgetkit\/cache\/gallery\/1145\/tsybuleva-bio-1538adac50.jpg\" width=\"157\" height=\"211\" alt=\"tsybuleva-bio\" \/><div class=\"overlay\">Anna Tsybuleva<\/div><\/a>\n\t\t\t\t\n\t\t\n\t\t\t\n\t\t\t\t\t<a class=\"\" href=\"http:\/\/www.arsantonina.org\/biographies\/biographie-michael-petrov\/\"  data-spotlight=\"effect:bottom\"><img src=\"\/wp-content\/plugins\/widgetkit\/cache\/gallery\/1145\/ullman-bio2-fe209f5a2d.jpg\" width=\"157\" height=\"211\" alt=\"ullman-bio2\" \/><div class=\"overlay\">Alexander Ullman<\/div><\/a>\n\t\t\t\t\n\t\n<\/div>\n\n\n<hr>\n<\/div>\n<h2 style=\"text-align: center;\">Artistes&nbsp;<\/h2>\n<p style=\"text-align: center;\">Cliquez sur les photos des artistes pour acc\u00e9der \u00e0 leur biographie.<\/p>\n<p style=\"text-align: center;\">\n<div class=\"wk-gallery wk-gallery-wall clearfix round margin \">\n\n\t\t\n\t\t\t\n\t\t\t\t\t<a class=\"\" href=\"http:\/\/www.arsantonina.org\/biographie-dmitry-masleev\/\"  data-spotlight=\"effect:bottom\"><img src=\"\/wp-content\/plugins\/widgetkit\/cache\/gallery\/1631\/Alikhan Photography 3-a598dbc9ae.jpg\" width=\"157\" height=\"228\" alt=\"Alikhan Photography 3\" \/><div class=\"overlay\">Dmitry Masleev<\/div><\/a>\n\t\t\t\t\n\t\t\n\t\t\t\n\t\t\t\t\t<a class=\"\" href=\"http:\/\/www.arsantonina.org\/biographies\/biographie-alim-beisembayev\/\"  data-spotlight=\"effect:bottom\"><img src=\"\/wp-content\/plugins\/widgetkit\/cache\/gallery\/1631\/alim2-4859ada0e2.jpg\" width=\"157\" height=\"228\" alt=\"alim2\" \/><div class=\"overlay\">Alim Beisembayev<\/div><\/a>\n\t\t\t\t\n\t\n<\/div>\n\n<\/p>\n","protected":false},"excerpt":{"rendered":"<p>Artistes&nbsp; Cliquez sur les photos des artistes pour acc\u00e9der \u00e0 leur biographie. &nbsp; Artistes&nbsp; Cliquez sur les photos des artistes pour acc\u00e9der \u00e0 leur biographie.<\/p>\n","protected":false},"author":1,"featured_media":942,"parent":0,"menu_order":0,"comment_status":"closed","ping_status":"closed","template":"","meta":{"ngg_post_thumbnail":0},"_links":{"self":[{"href":"https:\/\/www.arsantonina.org\/en\/wp-json\/wp\/v2\/pages\/1136"}],"collection":[{"href":"https:\/\/www.arsantonina.org\/en\/wp-json\/wp\/v2\/pages"}],"about":[{"href":"https:\/\/www.arsantonina.org\/en\/wp-json\/wp\/v2\/types\/page"}],"author":[{"embeddable":true,"href":"https:\/\/www.arsantonina.org\/en\/wp-json\/wp\/v2\/users\/1"}],"replies":[{"embeddable":true,"href":"https:\/\/www.arsantonina.org\/en\/wp-json\/wp\/v2\/comments?post=1136"}],"version-history":[{"count":14,"href":"https:\/\/www.arsantonina.org\/en\/wp-json\/wp\/v2\/pages\/1136\/revisions"}],"predecessor-version":[{"id":3639,"href":"https:\/\/www.arsantonina.org\/en\/wp-json\/wp\/v2\/pages\/1136\/revisions\/3639"}],"wp:featuredmedia":[{"embeddable":true,"href":"https:\/\/www.arsantonina.org\/en\/wp-json\/wp\/v2\/media\/942"}],"wp:attachment":[{"href":"https:\/\/www.arsantonina.org\/en\/wp-json\/wp\/v2\/media?parent=1136"}],"curies":[{"name":"wp","href":"https:\/\/api.w.org\/{rel}","templated":true}]}}