{"id":112,"date":"2011-07-31T16:55:44","date_gmt":"2011-07-31T16:55:44","guid":{"rendered":"http:\/\/192.168.1.56\/Themes\/2012\/Nano2\/Website_WP\/?page_id=112"},"modified":"2018-02-05T13:25:51","modified_gmt":"2018-02-05T13:25:51","slug":"gallery","status":"publish","type":"page","link":"https:\/\/www.arsantonina.org\/en\/gallery\/","title":{"rendered":"Galeries photos"},"content":{"rendered":"<h2 style=\"text-align: center;\"><\/h2>\n<ul>\n<li style=\"text-align: left;\">\n<h3><strong>2016\/12\/07 Concert de No\u00ebl<\/strong><\/h3>\n<\/li>\n<\/ul>\n<p style=\"text-align: center;\">Veuillez cliquer sur l&#8217;image ci dessous pour acc\u00e9der \u00e0\u00a0notre s\u00e9lection de photos.<\/p>\n<p><a href=\"http:\/\/www.arsantonina.org\/concert-de-noel-2016\/\"><img decoding=\"async\" loading=\"lazy\" class=\"wp-image-1432 alignnone aligncenter\" src=\"http:\/\/www.arsantonina.org\/wp-content\/uploads\/con-noel.jpg\" alt=\"\" width=\"500\" height=\"111\" srcset=\"https:\/\/www.arsantonina.org\/wp-content\/uploads\/con-noel.jpg 900w, https:\/\/www.arsantonina.org\/wp-content\/uploads\/con-noel-600x133.jpg 600w, https:\/\/www.arsantonina.org\/wp-content\/uploads\/con-noel-300x67.jpg 300w, https:\/\/www.arsantonina.org\/wp-content\/uploads\/con-noel-768x171.jpg 768w\" sizes=\"(max-width: 500px) 100vw, 500px\" \/><\/a><\/p>\n<p>&nbsp;<\/p>\n","protected":false},"excerpt":{"rendered":"<p>2016\/12\/07 Concert de No\u00ebl Veuillez cliquer sur l&#8217;image ci dessous pour acc\u00e9der \u00e0\u00a0notre s\u00e9lection de photos. &nbsp;<\/p>\n","protected":false},"author":1,"featured_media":947,"parent":0,"menu_order":0,"comment_status":"closed","ping_status":"closed","template":"","meta":{"ngg_post_thumbnail":0},"_links":{"self":[{"href":"https:\/\/www.arsantonina.org\/en\/wp-json\/wp\/v2\/pages\/112"}],"collection":[{"href":"https:\/\/www.arsantonina.org\/en\/wp-json\/wp\/v2\/pages"}],"about":[{"href":"https:\/\/www.arsantonina.org\/en\/wp-json\/wp\/v2\/types\/page"}],"author":[{"embeddable":true,"href":"https:\/\/www.arsantonina.org\/en\/wp-json\/wp\/v2\/users\/1"}],"replies":[{"embeddable":true,"href":"https:\/\/www.arsantonina.org\/en\/wp-json\/wp\/v2\/comments?post=112"}],"version-history":[{"count":28,"href":"https:\/\/www.arsantonina.org\/en\/wp-json\/wp\/v2\/pages\/112\/revisions"}],"predecessor-version":[{"id":3305,"href":"https:\/\/www.arsantonina.org\/en\/wp-json\/wp\/v2\/pages\/112\/revisions\/3305"}],"wp:featuredmedia":[{"embeddable":true,"href":"https:\/\/www.arsantonina.org\/en\/wp-json\/wp\/v2\/media\/947"}],"wp:attachment":[{"href":"https:\/\/www.arsantonina.org\/en\/wp-json\/wp\/v2\/media?parent=112"}],"curies":[{"name":"wp","href":"https:\/\/api.w.org\/{rel}","templated":true}]}}