{"id":1059,"date":"2017-03-30T11:46:06","date_gmt":"2017-03-30T11:46:06","guid":{"rendered":"http:\/\/www.arsantonina.org\/?page_id=1059"},"modified":"2017-03-31T11:15:09","modified_gmt":"2017-03-31T11:15:09","slug":"biographie-de-martin-james-bartlett","status":"publish","type":"page","link":"https:\/\/www.arsantonina.org\/en\/biographies\/biographie-de-martin-james-bartlett\/","title":{"rendered":"Biographie de Martin James Bartlett"},"content":{"rendered":"<p class=\"p1\" style=\"text-align: justify;\"><span class=\"s1\"><b><img decoding=\"async\" loading=\"lazy\" class=\"alignleft size-full wp-image-1061\" src=\"http:\/\/www.arsantonina.org\/wp-content\/uploads\/bartlett-bio.jpg\" alt=\"\" width=\"223\" height=\"300\" \/>Martin James Bartlett<\/b> a cr\u00e9\u00e9 l\u2019\u00e9v\u00e9nement en 2014 en devenant laur\u00e9at, \u00e0 17 ans, du Concours national \u00ab BBC Young Musician of the Year \u00bb (Prix du meilleur musicien de l\u2019ann\u00e9e en Grande Bretagne).<span class=\"Apple-converted-space\">\u00a0 <\/span>Il a remport\u00e9 cette distinction en interpr\u00e9tant le <i>Rhapsodie sur un th\u00e8me de Paganini<\/i> de Rachmaninov, avec le BBC Scottish Symphony Orchestra sous la direction de Kirill Jarabits, \u00e0 la salle Usher Hall<span class=\"Apple-converted-space\">\u00a0 <\/span>d\u2019\u00c9dinbourg ainsi qu\u2019\u00e0 l\u2019antenne de la t\u00e9l\u00e9vision et la radio du BBC.<\/span><\/p>\n<p class=\"p1\" style=\"text-align: justify;\"><span class=\"s1\">Depuis il se produit en tant que soliste dans toutes les prestigieuses salles de concert \u00e0 Londres telles que la Purcell Room, la Wigmore Hall, la St. John\u2019s Smith Square, la Bolivar Hall, la Royal Albert Hall et la Steinway Hall. <\/span><\/p>\n<p class=\"p1\" style=\"text-align: justify;\"><span class=\"s1\">En 2014, il a fait ses d\u00e9buts aux BBC Proms avec l\u2019Orchestre Philarmonique d\u2019Ulster dans le cadre des c\u00e9r\u00e9monies de cl\u00f4ture qui furent diffus\u00e9es en direct depuis Belfast sur <\/span><span class=\"s1\">internet et \u00e0 la radio nationale. Il s\u2019est produit \u00e9galement dans le <i>Concerto N\u00b02<\/i> de Rachmaninov avec le Bournemouth Symphony Orchestra lors du concert d\u2019inauguration de sa saison 2015. Plus r\u00e9cemment, il fut l\u2019un des 27 artistes internationaux, incluant Elton John, Stevie Wonder, Nicola Benedetti<span class=\"Apple-converted-space\">\u00a0 <\/span>et Alison Balsom, \u00e0<span class=\"Apple-converted-space\">\u00a0 <\/span>\u00eatre s\u00e9lectionn\u00e9 par la BBC<span class=\"Apple-converted-space\">\u00a0 <\/span>pour enregistrer la fameuse chanson des Beach Boys \u00ab God only knows \u00bb. Cet enregistrement a \u00e9t\u00e9 diffus\u00e9 par toutes les antennes de la BBC provenant d\u2019une collaboration entre la Warner, Sony et Universal Music, et fit l\u2019objet de la vente d\u2019un disque au b\u00e9n\u00e9fice de l\u2019action caritative \u00ab Children in Need \u00bb (association caritative luttant contre la pauvret\u00e9).<\/span><\/p>\n<p class=\"p1\" style=\"text-align: justify;\"><span class=\"s1\">Les temps forts de sa derni\u00e8re saison artistique furent son interpr\u00e9tation de la <i>Rhapsodie en bleu<\/i> de Gershwin avec le Royal Philharmonic Orchestra ainsi que le concert d\u2019ouverture du Cheltenham Festival avec le BBC Concert Orchestra. En 2016, dans le cadre de la visite officielle en Angleterre du Pr\u00e9sident Chinois, Martin se produit devant les dignitaires du Gouvernement. Il s\u2019est distingu\u00e9 devant S.M. la Reine Elisabeth II, \u00e0 l\u2019occasion des c\u00e9l\u00e9brations de son 90e anniversaire \u00e0 la Cath\u00e9drale St Paul \u00e0 Londres, performance diffus\u00e9e sur la chaine de t\u00e9l\u00e9vision BBC 1.<\/span><\/p>\n<p class=\"p1\" style=\"text-align: justify;\"><span class=\"s1\">Martin James Bartlett<b> <\/b>a commenc\u00e9 le piano \u00e0 l\u2019\u00e2ge de 8 ans \u00e0 l\u2019\u00e9cole \u00e9l\u00e9mentaire du Royal College of Music de Londres, puis au Purcell School en Angleterre o\u00f9 il a \u00e9tudi\u00e9 le piano, le basson et la flute \u00e0 bec, et derni\u00e8rement au Conservatoire National Sup\u00e9rieur du Royal College of Music dans la classe de Vanessa Latarche. <\/span><\/p>\n<p class=\"p3\" style=\"text-align: left;\"><span class=\"s1\"><b>Visitez son site officiel :\u00a0<\/b><a href=\"http:\/\/www.martinjamesbartlett.com\/\" target=\"_blank\">http:\/\/www.martinjamesbartlett.com\/ <\/a><\/span><\/p>\n<hr \/>\n<p class=\"p4\" style=\"text-align: center;\"><a href=\"http:\/\/www.arsantonina.org\/saison-actuelle\/\"><<Retour<\/a><\/p>\n","protected":false},"excerpt":{"rendered":"<p>Martin James Bartlett a cr\u00e9\u00e9 l\u2019\u00e9v\u00e9nement en 2014 en devenant laur\u00e9at, \u00e0 17 ans, du Concours national \u00ab BBC Young Musician of the Year \u00bb (Prix du meilleur musicien de l\u2019ann\u00e9e en Grande Bretagne).\u00a0 Il a remport\u00e9 cette distinction en interpr\u00e9tant le Rhapsodie sur un th\u00e8me de Paganini de Rachmaninov, avec le BBC Scottish Symphony [&hellip;]<\/p>\n","protected":false},"author":1,"featured_media":1060,"parent":1136,"menu_order":0,"comment_status":"closed","ping_status":"closed","template":"","meta":{"ngg_post_thumbnail":0},"_links":{"self":[{"href":"https:\/\/www.arsantonina.org\/en\/wp-json\/wp\/v2\/pages\/1059"}],"collection":[{"href":"https:\/\/www.arsantonina.org\/en\/wp-json\/wp\/v2\/pages"}],"about":[{"href":"https:\/\/www.arsantonina.org\/en\/wp-json\/wp\/v2\/types\/page"}],"author":[{"embeddable":true,"href":"https:\/\/www.arsantonina.org\/en\/wp-json\/wp\/v2\/users\/1"}],"replies":[{"embeddable":true,"href":"https:\/\/www.arsantonina.org\/en\/wp-json\/wp\/v2\/comments?post=1059"}],"version-history":[{"count":6,"href":"https:\/\/www.arsantonina.org\/en\/wp-json\/wp\/v2\/pages\/1059\/revisions"}],"predecessor-version":[{"id":1100,"href":"https:\/\/www.arsantonina.org\/en\/wp-json\/wp\/v2\/pages\/1059\/revisions\/1100"}],"up":[{"embeddable":true,"href":"https:\/\/www.arsantonina.org\/en\/wp-json\/wp\/v2\/pages\/1136"}],"wp:featuredmedia":[{"embeddable":true,"href":"https:\/\/www.arsantonina.org\/en\/wp-json\/wp\/v2\/media\/1060"}],"wp:attachment":[{"href":"https:\/\/www.arsantonina.org\/en\/wp-json\/wp\/v2\/media?parent=1059"}],"curies":[{"name":"wp","href":"https:\/\/api.w.org\/{rel}","templated":true}]}}